{"id":6422,"date":"2019-08-16T07:00:37","date_gmt":"2019-08-16T06:00:37","guid":{"rendered":"https:\/\/rheacanada.ca\/home\/"},"modified":"2024-11-28T16:27:33","modified_gmt":"2024-11-28T16:27:33","slug":"accueil","status":"publish","type":"page","link":"https:\/\/rheacanada.ca\/fr\/","title":{"rendered":"L\u2019excellence Canadienne \u00e0 votre service"},"content":{"rendered":"","protected":false},"excerpt":{"rendered":"","protected":false},"author":1,"featured_media":0,"parent":0,"menu_order":0,"comment_status":"closed","ping_status":"closed","template":"","meta":{"_acf_changed":false,"footnotes":""},"class_list":["post-6422","page","type-page","status-publish","hentry"],"acf":[],"yoast_head":"<!-- This site is optimized with the Yoast SEO plugin v27.4 - https:\/\/yoast.com\/product\/yoast-seo-wordpress\/ -->\n<title>Accueil - RHEA Canada, Concevoir le monde avec vous<\/title>\n<meta name=\"description\" content=\"RHEA Canada propose des solutions bas\u00e9es sur son savoir-faire unique dans les domaines de la s\u00e9curit\u00e9 et de l\u2019ing\u00e9nierie sur l\u2019ensemble du cycle de vie des syst\u00e8mes.\" \/>\n<meta name=\"robots\" content=\"index, follow, max-snippet:-1, max-image-preview:large, max-video-preview:-1\" \/>\n<link rel=\"canonical\" href=\"https:\/\/rheacanada.ca\/fr\/\" \/>\n<meta property=\"og:locale\" content=\"fr_FR\" \/>\n<meta property=\"og:type\" content=\"article\" \/>\n<meta property=\"og:title\" content=\"Accueil - RHEA Canada, Concevoir le monde avec vous\" \/>\n<meta property=\"og:description\" content=\"RHEA Canada propose des solutions bas\u00e9es sur son savoir-faire unique dans les domaines de la s\u00e9curit\u00e9 et de l\u2019ing\u00e9nierie sur l\u2019ensemble du cycle de vie des syst\u00e8mes.\" \/>\n<meta property=\"og:url\" content=\"https:\/\/rheacanada.ca\/fr\/\" \/>\n<meta property=\"og:site_name\" content=\"RHEA Canada\" \/>\n<meta property=\"article:publisher\" content=\"https:\/\/www.facebook.com\/RHEAGroupOfficial\/\" \/>\n<meta property=\"article:modified_time\" content=\"2024-11-28T16:27:33+00:00\" \/>\n<meta name=\"twitter:card\" content=\"summary_large_image\" \/>\n<meta name=\"twitter:site\" content=\"@rheagroup\" \/>\n<script type=\"application\/ld+json\" class=\"yoast-schema-graph\">{\"@context\":\"https:\\\/\\\/schema.org\",\"@graph\":[{\"@type\":\"WebPage\",\"@id\":\"https:\\\/\\\/rheacanada.ca\\\/fr\\\/\",\"url\":\"https:\\\/\\\/rheacanada.ca\\\/fr\\\/\",\"name\":\"Accueil - RHEA Canada, Concevoir le monde avec vous\",\"isPartOf\":{\"@id\":\"https:\\\/\\\/rheacanada.ca\\\/fr\\\/#website\"},\"datePublished\":\"2019-08-16T06:00:37+00:00\",\"dateModified\":\"2024-11-28T16:27:33+00:00\",\"description\":\"RHEA Canada propose des solutions bas\u00e9es sur son savoir-faire unique dans les domaines de la s\u00e9curit\u00e9 et de l\u2019ing\u00e9nierie sur l\u2019ensemble du cycle de vie des syst\u00e8mes.\",\"inLanguage\":\"fr-FR\",\"potentialAction\":[{\"@type\":\"ReadAction\",\"target\":[\"https:\\\/\\\/rheacanada.ca\\\/fr\\\/\"]}]},{\"@type\":\"WebSite\",\"@id\":\"https:\\\/\\\/rheacanada.ca\\\/fr\\\/#website\",\"url\":\"https:\\\/\\\/rheacanada.ca\\\/fr\\\/\",\"name\":\"RHEA Canada\",\"description\":\"Bespoke engineering solutions, system development and security services\",\"publisher\":{\"@id\":\"https:\\\/\\\/rheacanada.ca\\\/fr\\\/#organization\"},\"potentialAction\":[{\"@type\":\"SearchAction\",\"target\":{\"@type\":\"EntryPoint\",\"urlTemplate\":\"https:\\\/\\\/rheacanada.ca\\\/fr\\\/?s={search_term_string}\"},\"query-input\":{\"@type\":\"PropertyValueSpecification\",\"valueRequired\":true,\"valueName\":\"search_term_string\"}}],\"inLanguage\":\"fr-FR\"},{\"@type\":\"Organization\",\"@id\":\"https:\\\/\\\/rheacanada.ca\\\/fr\\\/#organization\",\"name\":\"RHEA Group Canada\",\"url\":\"https:\\\/\\\/rheacanada.ca\\\/fr\\\/\",\"logo\":{\"@type\":\"ImageObject\",\"inLanguage\":\"fr-FR\",\"@id\":\"https:\\\/\\\/rheacanada.ca\\\/fr\\\/#\\\/schema\\\/logo\\\/image\\\/\",\"url\":\"\",\"contentUrl\":\"\",\"caption\":\"RHEA Group Canada\"},\"image\":{\"@id\":\"https:\\\/\\\/rheacanada.ca\\\/fr\\\/#\\\/schema\\\/logo\\\/image\\\/\"},\"sameAs\":[\"https:\\\/\\\/www.facebook.com\\\/RHEAGroupOfficial\\\/\",\"https:\\\/\\\/x.com\\\/rheagroup\",\"https:\\\/\\\/www.linkedin.com\\\/company\\\/rheagroup\\\/\",\"https:\\\/\\\/www.youtube.com\\\/channel\\\/UCGCzvwRN1QIED_MBIRF30jg?view_as=subscriber\"]}]}<\/script>\n<!-- \/ Yoast SEO plugin. -->","yoast_head_json":{"title":"Accueil - RHEA Canada, Concevoir le monde avec vous","description":"RHEA Canada propose des solutions bas\u00e9es sur son savoir-faire unique dans les domaines de la s\u00e9curit\u00e9 et de l\u2019ing\u00e9nierie sur l\u2019ensemble du cycle de vie des syst\u00e8mes.","robots":{"index":"index","follow":"follow","max-snippet":"max-snippet:-1","max-image-preview":"max-image-preview:large","max-video-preview":"max-video-preview:-1"},"canonical":"https:\/\/rheacanada.ca\/fr\/","og_locale":"fr_FR","og_type":"article","og_title":"Accueil - RHEA Canada, Concevoir le monde avec vous","og_description":"RHEA Canada propose des solutions bas\u00e9es sur son savoir-faire unique dans les domaines de la s\u00e9curit\u00e9 et de l\u2019ing\u00e9nierie sur l\u2019ensemble du cycle de vie des syst\u00e8mes.","og_url":"https:\/\/rheacanada.ca\/fr\/","og_site_name":"RHEA Canada","article_publisher":"https:\/\/www.facebook.com\/RHEAGroupOfficial\/","article_modified_time":"2024-11-28T16:27:33+00:00","twitter_card":"summary_large_image","twitter_site":"@rheagroup","schema":{"@context":"https:\/\/schema.org","@graph":[{"@type":"WebPage","@id":"https:\/\/rheacanada.ca\/fr\/","url":"https:\/\/rheacanada.ca\/fr\/","name":"Accueil - RHEA Canada, Concevoir le monde avec vous","isPartOf":{"@id":"https:\/\/rheacanada.ca\/fr\/#website"},"datePublished":"2019-08-16T06:00:37+00:00","dateModified":"2024-11-28T16:27:33+00:00","description":"RHEA Canada propose des solutions bas\u00e9es sur son savoir-faire unique dans les domaines de la s\u00e9curit\u00e9 et de l\u2019ing\u00e9nierie sur l\u2019ensemble du cycle de vie des syst\u00e8mes.","inLanguage":"fr-FR","potentialAction":[{"@type":"ReadAction","target":["https:\/\/rheacanada.ca\/fr\/"]}]},{"@type":"WebSite","@id":"https:\/\/rheacanada.ca\/fr\/#website","url":"https:\/\/rheacanada.ca\/fr\/","name":"RHEA Canada","description":"Bespoke engineering solutions, system development and security services","publisher":{"@id":"https:\/\/rheacanada.ca\/fr\/#organization"},"potentialAction":[{"@type":"SearchAction","target":{"@type":"EntryPoint","urlTemplate":"https:\/\/rheacanada.ca\/fr\/?s={search_term_string}"},"query-input":{"@type":"PropertyValueSpecification","valueRequired":true,"valueName":"search_term_string"}}],"inLanguage":"fr-FR"},{"@type":"Organization","@id":"https:\/\/rheacanada.ca\/fr\/#organization","name":"RHEA Group Canada","url":"https:\/\/rheacanada.ca\/fr\/","logo":{"@type":"ImageObject","inLanguage":"fr-FR","@id":"https:\/\/rheacanada.ca\/fr\/#\/schema\/logo\/image\/","url":"","contentUrl":"","caption":"RHEA Group Canada"},"image":{"@id":"https:\/\/rheacanada.ca\/fr\/#\/schema\/logo\/image\/"},"sameAs":["https:\/\/www.facebook.com\/RHEAGroupOfficial\/","https:\/\/x.com\/rheagroup","https:\/\/www.linkedin.com\/company\/rheagroup\/","https:\/\/www.youtube.com\/channel\/UCGCzvwRN1QIED_MBIRF30jg?view_as=subscriber"]}]}},"_links":{"self":[{"href":"https:\/\/rheacanada.ca\/fr\/wp-json\/wp\/v2\/pages\/6422","targetHints":{"allow":["GET"]}}],"collection":[{"href":"https:\/\/rheacanada.ca\/fr\/wp-json\/wp\/v2\/pages"}],"about":[{"href":"https:\/\/rheacanada.ca\/fr\/wp-json\/wp\/v2\/types\/page"}],"author":[{"embeddable":true,"href":"https:\/\/rheacanada.ca\/fr\/wp-json\/wp\/v2\/users\/1"}],"replies":[{"embeddable":true,"href":"https:\/\/rheacanada.ca\/fr\/wp-json\/wp\/v2\/comments?post=6422"}],"version-history":[{"count":10,"href":"https:\/\/rheacanada.ca\/fr\/wp-json\/wp\/v2\/pages\/6422\/revisions"}],"predecessor-version":[{"id":23839,"href":"https:\/\/rheacanada.ca\/fr\/wp-json\/wp\/v2\/pages\/6422\/revisions\/23839"}],"wp:attachment":[{"href":"https:\/\/rheacanada.ca\/fr\/wp-json\/wp\/v2\/media?parent=6422"}],"curies":[{"name":"wp","href":"https:\/\/api.w.org\/{rel}","templated":true}]}}