{"id":23031,"date":"2023-10-06T11:25:24","date_gmt":"2023-10-06T10:25:24","guid":{"rendered":"https:\/\/rheacanada.ca\/?page_id=23031"},"modified":"2023-10-06T11:25:24","modified_gmt":"2023-10-06T10:25:24","slug":"securite-du-transport","status":"publish","type":"page","link":"https:\/\/rheacanada.ca\/fr\/securite\/securite-du-transport\/","title":{"rendered":"S\u00e9curit\u00e9 du transport"},"content":{"rendered":"","protected":false},"excerpt":{"rendered":"","protected":false},"author":15,"featured_media":22843,"parent":21872,"menu_order":0,"comment_status":"closed","ping_status":"closed","template":"","meta":{"_acf_changed":false,"footnotes":""},"class_list":["post-23031","page","type-page","status-publish","has-post-thumbnail","hentry"],"acf":[],"yoast_head":"<!-- This site is optimized with the Yoast SEO plugin v27.4 - https:\/\/yoast.com\/product\/yoast-seo-wordpress\/ -->\n<title>S\u00e9curit\u00e9 du transport - RHEA Canada<\/title>\n<meta name=\"description\" content=\"RHEA dispose de la seule \u00e9quipe au Canada ayant une grande exp\u00e9rience en mati\u00e8re de s\u00e9curit\u00e9 des transports, sp\u00e9cialis\u00e9e dans le transport ferroviaire l\u00e9ger.\" \/>\n<meta name=\"robots\" content=\"index, follow, max-snippet:-1, max-image-preview:large, max-video-preview:-1\" \/>\n<link rel=\"canonical\" href=\"https:\/\/rheacanada.ca\/fr\/securite\/securite-du-transport\/\" \/>\n<meta property=\"og:locale\" content=\"fr_FR\" \/>\n<meta property=\"og:type\" content=\"article\" \/>\n<meta property=\"og:title\" content=\"S\u00e9curit\u00e9 du transport - RHEA Canada\" \/>\n<meta property=\"og:description\" content=\"RHEA dispose de la seule \u00e9quipe au Canada ayant une grande exp\u00e9rience en mati\u00e8re de s\u00e9curit\u00e9 des transports, sp\u00e9cialis\u00e9e dans le transport ferroviaire l\u00e9ger.\" \/>\n<meta property=\"og:url\" content=\"https:\/\/rheacanada.ca\/fr\/securite\/securite-du-transport\/\" \/>\n<meta property=\"og:site_name\" content=\"RHEA Canada\" \/>\n<meta property=\"article:publisher\" content=\"https:\/\/www.facebook.com\/RHEAGroupOfficial\/\" \/>\n<meta property=\"og:image\" content=\"https:\/\/rheacanada.ca\/wp-content\/uploads\/2023\/03\/train-railway-station-blurred-background.jpg\" \/>\n\t<meta property=\"og:image:width\" content=\"2000\" \/>\n\t<meta property=\"og:image:height\" content=\"1274\" \/>\n\t<meta property=\"og:image:type\" content=\"image\/jpeg\" \/>\n<meta name=\"twitter:card\" content=\"summary_large_image\" \/>\n<meta name=\"twitter:site\" content=\"@rheagroup\" \/>\n<script type=\"application\/ld+json\" class=\"yoast-schema-graph\">{\"@context\":\"https:\\\/\\\/schema.org\",\"@graph\":[{\"@type\":\"WebPage\",\"@id\":\"https:\\\/\\\/rheacanada.ca\\\/fr\\\/securite\\\/securite-du-transport\\\/\",\"url\":\"https:\\\/\\\/rheacanada.ca\\\/fr\\\/securite\\\/securite-du-transport\\\/\",\"name\":\"S\u00e9curit\u00e9 du transport - RHEA Canada\",\"isPartOf\":{\"@id\":\"https:\\\/\\\/rheacanada.ca\\\/fr\\\/#website\"},\"primaryImageOfPage\":{\"@id\":\"https:\\\/\\\/rheacanada.ca\\\/fr\\\/securite\\\/securite-du-transport\\\/#primaryimage\"},\"image\":{\"@id\":\"https:\\\/\\\/rheacanada.ca\\\/fr\\\/securite\\\/securite-du-transport\\\/#primaryimage\"},\"thumbnailUrl\":\"https:\\\/\\\/rheacanada.ca\\\/wp-content\\\/uploads\\\/2023\\\/03\\\/train-railway-station-blurred-background.jpg\",\"datePublished\":\"2023-10-06T10:25:24+00:00\",\"description\":\"RHEA dispose de la seule \u00e9quipe au Canada ayant une grande exp\u00e9rience en mati\u00e8re de s\u00e9curit\u00e9 des transports, sp\u00e9cialis\u00e9e dans le transport ferroviaire l\u00e9ger.\",\"breadcrumb\":{\"@id\":\"https:\\\/\\\/rheacanada.ca\\\/fr\\\/securite\\\/securite-du-transport\\\/#breadcrumb\"},\"inLanguage\":\"fr-FR\",\"potentialAction\":[{\"@type\":\"ReadAction\",\"target\":[\"https:\\\/\\\/rheacanada.ca\\\/fr\\\/securite\\\/securite-du-transport\\\/\"]}]},{\"@type\":\"ImageObject\",\"inLanguage\":\"fr-FR\",\"@id\":\"https:\\\/\\\/rheacanada.ca\\\/fr\\\/securite\\\/securite-du-transport\\\/#primaryimage\",\"url\":\"https:\\\/\\\/rheacanada.ca\\\/wp-content\\\/uploads\\\/2023\\\/03\\\/train-railway-station-blurred-background.jpg\",\"contentUrl\":\"https:\\\/\\\/rheacanada.ca\\\/wp-content\\\/uploads\\\/2023\\\/03\\\/train-railway-station-blurred-background.jpg\",\"width\":2000,\"height\":1274,\"caption\":\"train passing through a railway station at high speed with a blurred background\"},{\"@type\":\"BreadcrumbList\",\"@id\":\"https:\\\/\\\/rheacanada.ca\\\/fr\\\/securite\\\/securite-du-transport\\\/#breadcrumb\",\"itemListElement\":[{\"@type\":\"ListItem\",\"position\":1,\"name\":\"S\u00e9curit\u00e9\",\"item\":\"https:\\\/\\\/rheacanada.ca\\\/fr\\\/securite\\\/\"},{\"@type\":\"ListItem\",\"position\":2,\"name\":\"S\u00e9curit\u00e9 du transport\"}]},{\"@type\":\"WebSite\",\"@id\":\"https:\\\/\\\/rheacanada.ca\\\/fr\\\/#website\",\"url\":\"https:\\\/\\\/rheacanada.ca\\\/fr\\\/\",\"name\":\"RHEA Canada\",\"description\":\"Bespoke engineering solutions, system development and security services\",\"publisher\":{\"@id\":\"https:\\\/\\\/rheacanada.ca\\\/fr\\\/#organization\"},\"potentialAction\":[{\"@type\":\"SearchAction\",\"target\":{\"@type\":\"EntryPoint\",\"urlTemplate\":\"https:\\\/\\\/rheacanada.ca\\\/fr\\\/?s={search_term_string}\"},\"query-input\":{\"@type\":\"PropertyValueSpecification\",\"valueRequired\":true,\"valueName\":\"search_term_string\"}}],\"inLanguage\":\"fr-FR\"},{\"@type\":\"Organization\",\"@id\":\"https:\\\/\\\/rheacanada.ca\\\/fr\\\/#organization\",\"name\":\"RHEA Group Canada\",\"url\":\"https:\\\/\\\/rheacanada.ca\\\/fr\\\/\",\"logo\":{\"@type\":\"ImageObject\",\"inLanguage\":\"fr-FR\",\"@id\":\"https:\\\/\\\/rheacanada.ca\\\/fr\\\/#\\\/schema\\\/logo\\\/image\\\/\",\"url\":\"\",\"contentUrl\":\"\",\"caption\":\"RHEA Group Canada\"},\"image\":{\"@id\":\"https:\\\/\\\/rheacanada.ca\\\/fr\\\/#\\\/schema\\\/logo\\\/image\\\/\"},\"sameAs\":[\"https:\\\/\\\/www.facebook.com\\\/RHEAGroupOfficial\\\/\",\"https:\\\/\\\/x.com\\\/rheagroup\",\"https:\\\/\\\/www.linkedin.com\\\/company\\\/rheagroup\\\/\",\"https:\\\/\\\/www.youtube.com\\\/channel\\\/UCGCzvwRN1QIED_MBIRF30jg?view_as=subscriber\"]}]}<\/script>\n<!-- \/ Yoast SEO plugin. -->","yoast_head_json":{"title":"S\u00e9curit\u00e9 du transport - RHEA Canada","description":"RHEA dispose de la seule \u00e9quipe au Canada ayant une grande exp\u00e9rience en mati\u00e8re de s\u00e9curit\u00e9 des transports, sp\u00e9cialis\u00e9e dans le transport ferroviaire l\u00e9ger.","robots":{"index":"index","follow":"follow","max-snippet":"max-snippet:-1","max-image-preview":"max-image-preview:large","max-video-preview":"max-video-preview:-1"},"canonical":"https:\/\/rheacanada.ca\/fr\/securite\/securite-du-transport\/","og_locale":"fr_FR","og_type":"article","og_title":"S\u00e9curit\u00e9 du transport - RHEA Canada","og_description":"RHEA dispose de la seule \u00e9quipe au Canada ayant une grande exp\u00e9rience en mati\u00e8re de s\u00e9curit\u00e9 des transports, sp\u00e9cialis\u00e9e dans le transport ferroviaire l\u00e9ger.","og_url":"https:\/\/rheacanada.ca\/fr\/securite\/securite-du-transport\/","og_site_name":"RHEA Canada","article_publisher":"https:\/\/www.facebook.com\/RHEAGroupOfficial\/","og_image":[{"width":2000,"height":1274,"url":"https:\/\/rheacanada.ca\/wp-content\/uploads\/2023\/03\/train-railway-station-blurred-background.jpg","type":"image\/jpeg"}],"twitter_card":"summary_large_image","twitter_site":"@rheagroup","schema":{"@context":"https:\/\/schema.org","@graph":[{"@type":"WebPage","@id":"https:\/\/rheacanada.ca\/fr\/securite\/securite-du-transport\/","url":"https:\/\/rheacanada.ca\/fr\/securite\/securite-du-transport\/","name":"S\u00e9curit\u00e9 du transport - RHEA Canada","isPartOf":{"@id":"https:\/\/rheacanada.ca\/fr\/#website"},"primaryImageOfPage":{"@id":"https:\/\/rheacanada.ca\/fr\/securite\/securite-du-transport\/#primaryimage"},"image":{"@id":"https:\/\/rheacanada.ca\/fr\/securite\/securite-du-transport\/#primaryimage"},"thumbnailUrl":"https:\/\/rheacanada.ca\/wp-content\/uploads\/2023\/03\/train-railway-station-blurred-background.jpg","datePublished":"2023-10-06T10:25:24+00:00","description":"RHEA dispose de la seule \u00e9quipe au Canada ayant une grande exp\u00e9rience en mati\u00e8re de s\u00e9curit\u00e9 des transports, sp\u00e9cialis\u00e9e dans le transport ferroviaire l\u00e9ger.","breadcrumb":{"@id":"https:\/\/rheacanada.ca\/fr\/securite\/securite-du-transport\/#breadcrumb"},"inLanguage":"fr-FR","potentialAction":[{"@type":"ReadAction","target":["https:\/\/rheacanada.ca\/fr\/securite\/securite-du-transport\/"]}]},{"@type":"ImageObject","inLanguage":"fr-FR","@id":"https:\/\/rheacanada.ca\/fr\/securite\/securite-du-transport\/#primaryimage","url":"https:\/\/rheacanada.ca\/wp-content\/uploads\/2023\/03\/train-railway-station-blurred-background.jpg","contentUrl":"https:\/\/rheacanada.ca\/wp-content\/uploads\/2023\/03\/train-railway-station-blurred-background.jpg","width":2000,"height":1274,"caption":"train passing through a railway station at high speed with a blurred background"},{"@type":"BreadcrumbList","@id":"https:\/\/rheacanada.ca\/fr\/securite\/securite-du-transport\/#breadcrumb","itemListElement":[{"@type":"ListItem","position":1,"name":"S\u00e9curit\u00e9","item":"https:\/\/rheacanada.ca\/fr\/securite\/"},{"@type":"ListItem","position":2,"name":"S\u00e9curit\u00e9 du transport"}]},{"@type":"WebSite","@id":"https:\/\/rheacanada.ca\/fr\/#website","url":"https:\/\/rheacanada.ca\/fr\/","name":"RHEA Canada","description":"Bespoke engineering solutions, system development and security services","publisher":{"@id":"https:\/\/rheacanada.ca\/fr\/#organization"},"potentialAction":[{"@type":"SearchAction","target":{"@type":"EntryPoint","urlTemplate":"https:\/\/rheacanada.ca\/fr\/?s={search_term_string}"},"query-input":{"@type":"PropertyValueSpecification","valueRequired":true,"valueName":"search_term_string"}}],"inLanguage":"fr-FR"},{"@type":"Organization","@id":"https:\/\/rheacanada.ca\/fr\/#organization","name":"RHEA Group Canada","url":"https:\/\/rheacanada.ca\/fr\/","logo":{"@type":"ImageObject","inLanguage":"fr-FR","@id":"https:\/\/rheacanada.ca\/fr\/#\/schema\/logo\/image\/","url":"","contentUrl":"","caption":"RHEA Group Canada"},"image":{"@id":"https:\/\/rheacanada.ca\/fr\/#\/schema\/logo\/image\/"},"sameAs":["https:\/\/www.facebook.com\/RHEAGroupOfficial\/","https:\/\/x.com\/rheagroup","https:\/\/www.linkedin.com\/company\/rheagroup\/","https:\/\/www.youtube.com\/channel\/UCGCzvwRN1QIED_MBIRF30jg?view_as=subscriber"]}]}},"_links":{"self":[{"href":"https:\/\/rheacanada.ca\/fr\/wp-json\/wp\/v2\/pages\/23031","targetHints":{"allow":["GET"]}}],"collection":[{"href":"https:\/\/rheacanada.ca\/fr\/wp-json\/wp\/v2\/pages"}],"about":[{"href":"https:\/\/rheacanada.ca\/fr\/wp-json\/wp\/v2\/types\/page"}],"author":[{"embeddable":true,"href":"https:\/\/rheacanada.ca\/fr\/wp-json\/wp\/v2\/users\/15"}],"replies":[{"embeddable":true,"href":"https:\/\/rheacanada.ca\/fr\/wp-json\/wp\/v2\/comments?post=23031"}],"version-history":[{"count":1,"href":"https:\/\/rheacanada.ca\/fr\/wp-json\/wp\/v2\/pages\/23031\/revisions"}],"predecessor-version":[{"id":23032,"href":"https:\/\/rheacanada.ca\/fr\/wp-json\/wp\/v2\/pages\/23031\/revisions\/23032"}],"up":[{"embeddable":true,"href":"https:\/\/rheacanada.ca\/fr\/wp-json\/wp\/v2\/pages\/21872"}],"wp:featuredmedia":[{"embeddable":true,"href":"https:\/\/rheacanada.ca\/fr\/wp-json\/wp\/v2\/media\/22843"}],"wp:attachment":[{"href":"https:\/\/rheacanada.ca\/fr\/wp-json\/wp\/v2\/media?parent=23031"}],"curies":[{"name":"wp","href":"https:\/\/api.w.org\/{rel}","templated":true}]}}