{"id":22970,"date":"2023-10-02T12:12:47","date_gmt":"2023-10-02T11:12:47","guid":{"rendered":"https:\/\/rheacanada.ca\/?page_id=22970"},"modified":"2024-05-28T13:22:26","modified_gmt":"2024-05-28T12:22:26","slug":"conception-de-la-securite-physique","status":"publish","type":"page","link":"https:\/\/rheacanada.ca\/fr\/securite\/securite-physique\/conception-de-la-securite-physique\/","title":{"rendered":"Conception de la s\u00e9curit\u00e9 physique"},"content":{"rendered":"","protected":false},"excerpt":{"rendered":"","protected":false},"author":15,"featured_media":22947,"parent":21869,"menu_order":0,"comment_status":"closed","ping_status":"closed","template":"","meta":{"_acf_changed":false,"footnotes":""},"class_list":["post-22970","page","type-page","status-publish","has-post-thumbnail","hentry"],"acf":[],"yoast_head":"<!-- This site is optimized with the Yoast SEO plugin v27.5 - https:\/\/yoast.com\/product\/yoast-seo-wordpress\/ -->\n<title>Conception de la s\u00e9curit\u00e9 physique - RHEA Canada<\/title>\n<meta name=\"description\" content=\"Les experts en s\u00e9curit\u00e9 physique de RHEA apportent leur soutien \u00e0 la planification, \u00e0 la conception et au d\u00e9ploiement des dispositifs de s\u00e9curit\u00e9 dans les nouvelles constructions ou les installations existantes.\" \/>\n<meta name=\"robots\" content=\"index, follow, max-snippet:-1, max-image-preview:large, max-video-preview:-1\" \/>\n<link rel=\"canonical\" href=\"https:\/\/rheacanada.ca\/fr\/securite\/securite-physique\/conception-de-la-securite-physique\/\" \/>\n<meta property=\"og:locale\" content=\"fr_FR\" \/>\n<meta property=\"og:type\" content=\"article\" \/>\n<meta property=\"og:title\" content=\"Conception de la s\u00e9curit\u00e9 physique - RHEA Canada\" \/>\n<meta property=\"og:description\" content=\"Les experts en s\u00e9curit\u00e9 physique de RHEA apportent leur soutien \u00e0 la planification, \u00e0 la conception et au d\u00e9ploiement des dispositifs de s\u00e9curit\u00e9 dans les nouvelles constructions ou les installations existantes.\" \/>\n<meta property=\"og:url\" content=\"https:\/\/rheacanada.ca\/fr\/securite\/securite-physique\/conception-de-la-securite-physique\/\" \/>\n<meta property=\"og:site_name\" content=\"RHEA Canada\" \/>\n<meta property=\"article:publisher\" content=\"https:\/\/www.facebook.com\/RHEAGroupOfficial\/\" \/>\n<meta property=\"article:modified_time\" content=\"2024-05-28T12:22:26+00:00\" \/>\n<meta property=\"og:image\" content=\"https:\/\/rheacanada.ca\/wp-content\/uploads\/2023\/09\/building-plans-hands-arms-laptop.jpg\" \/>\n\t<meta property=\"og:image:width\" content=\"2000\" \/>\n\t<meta property=\"og:image:height\" content=\"1054\" \/>\n\t<meta property=\"og:image:type\" content=\"image\/jpeg\" \/>\n<meta name=\"twitter:card\" content=\"summary_large_image\" \/>\n<meta name=\"twitter:site\" content=\"@rheagroup\" \/>\n<meta name=\"twitter:label1\" content=\"Dur\u00e9e de lecture estim\u00e9e\" \/>\n\t<meta name=\"twitter:data1\" content=\"1 minute\" \/>\n<script type=\"application\/ld+json\" class=\"yoast-schema-graph\">{\"@context\":\"https:\\\/\\\/schema.org\",\"@graph\":[{\"@type\":\"WebPage\",\"@id\":\"https:\\\/\\\/rheacanada.ca\\\/fr\\\/securite\\\/securite-physique\\\/conception-de-la-securite-physique\\\/\",\"url\":\"https:\\\/\\\/rheacanada.ca\\\/fr\\\/securite\\\/securite-physique\\\/conception-de-la-securite-physique\\\/\",\"name\":\"Conception de la s\u00e9curit\u00e9 physique - RHEA Canada\",\"isPartOf\":{\"@id\":\"https:\\\/\\\/rheacanada.ca\\\/fr\\\/#website\"},\"primaryImageOfPage\":{\"@id\":\"https:\\\/\\\/rheacanada.ca\\\/fr\\\/securite\\\/securite-physique\\\/conception-de-la-securite-physique\\\/#primaryimage\"},\"image\":{\"@id\":\"https:\\\/\\\/rheacanada.ca\\\/fr\\\/securite\\\/securite-physique\\\/conception-de-la-securite-physique\\\/#primaryimage\"},\"thumbnailUrl\":\"https:\\\/\\\/rheacanada.ca\\\/wp-content\\\/uploads\\\/2023\\\/09\\\/building-plans-hands-arms-laptop.jpg\",\"datePublished\":\"2023-10-02T11:12:47+00:00\",\"dateModified\":\"2024-05-28T12:22:26+00:00\",\"description\":\"Les experts en s\u00e9curit\u00e9 physique de RHEA apportent leur soutien \u00e0 la planification, \u00e0 la conception et au d\u00e9ploiement des dispositifs de s\u00e9curit\u00e9 dans les nouvelles constructions ou les installations existantes.\",\"breadcrumb\":{\"@id\":\"https:\\\/\\\/rheacanada.ca\\\/fr\\\/securite\\\/securite-physique\\\/conception-de-la-securite-physique\\\/#breadcrumb\"},\"inLanguage\":\"fr-FR\",\"potentialAction\":[{\"@type\":\"ReadAction\",\"target\":[\"https:\\\/\\\/rheacanada.ca\\\/fr\\\/securite\\\/securite-physique\\\/conception-de-la-securite-physique\\\/\"]}]},{\"@type\":\"ImageObject\",\"inLanguage\":\"fr-FR\",\"@id\":\"https:\\\/\\\/rheacanada.ca\\\/fr\\\/securite\\\/securite-physique\\\/conception-de-la-securite-physique\\\/#primaryimage\",\"url\":\"https:\\\/\\\/rheacanada.ca\\\/wp-content\\\/uploads\\\/2023\\\/09\\\/building-plans-hands-arms-laptop.jpg\",\"contentUrl\":\"https:\\\/\\\/rheacanada.ca\\\/wp-content\\\/uploads\\\/2023\\\/09\\\/building-plans-hands-arms-laptop.jpg\",\"width\":2000,\"height\":1054,\"caption\":\"Three men's arms and hands over building plans with laptop on desk\"},{\"@type\":\"BreadcrumbList\",\"@id\":\"https:\\\/\\\/rheacanada.ca\\\/fr\\\/securite\\\/securite-physique\\\/conception-de-la-securite-physique\\\/#breadcrumb\",\"itemListElement\":[{\"@type\":\"ListItem\",\"position\":1,\"name\":\"S\u00e9curit\u00e9\",\"item\":\"https:\\\/\\\/rheacanada.ca\\\/fr\\\/securite\\\/\"},{\"@type\":\"ListItem\",\"position\":2,\"name\":\"S\u00e9curit\u00e9 physique\",\"item\":\"https:\\\/\\\/rheacanada.ca\\\/fr\\\/securite\\\/securite-physique\\\/\"},{\"@type\":\"ListItem\",\"position\":3,\"name\":\"Conception de la s\u00e9curit\u00e9 physique\"}]},{\"@type\":\"WebSite\",\"@id\":\"https:\\\/\\\/rheacanada.ca\\\/fr\\\/#website\",\"url\":\"https:\\\/\\\/rheacanada.ca\\\/fr\\\/\",\"name\":\"RHEA Canada\",\"description\":\"Bespoke engineering solutions, system development and security services\",\"publisher\":{\"@id\":\"https:\\\/\\\/rheacanada.ca\\\/fr\\\/#organization\"},\"potentialAction\":[{\"@type\":\"SearchAction\",\"target\":{\"@type\":\"EntryPoint\",\"urlTemplate\":\"https:\\\/\\\/rheacanada.ca\\\/fr\\\/?s={search_term_string}\"},\"query-input\":{\"@type\":\"PropertyValueSpecification\",\"valueRequired\":true,\"valueName\":\"search_term_string\"}}],\"inLanguage\":\"fr-FR\"},{\"@type\":\"Organization\",\"@id\":\"https:\\\/\\\/rheacanada.ca\\\/fr\\\/#organization\",\"name\":\"RHEA Group Canada\",\"url\":\"https:\\\/\\\/rheacanada.ca\\\/fr\\\/\",\"logo\":{\"@type\":\"ImageObject\",\"inLanguage\":\"fr-FR\",\"@id\":\"https:\\\/\\\/rheacanada.ca\\\/fr\\\/#\\\/schema\\\/logo\\\/image\\\/\",\"url\":\"\",\"contentUrl\":\"\",\"caption\":\"RHEA Group Canada\"},\"image\":{\"@id\":\"https:\\\/\\\/rheacanada.ca\\\/fr\\\/#\\\/schema\\\/logo\\\/image\\\/\"},\"sameAs\":[\"https:\\\/\\\/www.facebook.com\\\/RHEAGroupOfficial\\\/\",\"https:\\\/\\\/x.com\\\/rheagroup\",\"https:\\\/\\\/www.linkedin.com\\\/company\\\/rheagroup\\\/\",\"https:\\\/\\\/www.youtube.com\\\/channel\\\/UCGCzvwRN1QIED_MBIRF30jg?view_as=subscriber\"]}]}<\/script>\n<!-- \/ Yoast SEO plugin. -->","yoast_head_json":{"title":"Conception de la s\u00e9curit\u00e9 physique - RHEA Canada","description":"Les experts en s\u00e9curit\u00e9 physique de RHEA apportent leur soutien \u00e0 la planification, \u00e0 la conception et au d\u00e9ploiement des dispositifs de s\u00e9curit\u00e9 dans les nouvelles constructions ou les installations existantes.","robots":{"index":"index","follow":"follow","max-snippet":"max-snippet:-1","max-image-preview":"max-image-preview:large","max-video-preview":"max-video-preview:-1"},"canonical":"https:\/\/rheacanada.ca\/fr\/securite\/securite-physique\/conception-de-la-securite-physique\/","og_locale":"fr_FR","og_type":"article","og_title":"Conception de la s\u00e9curit\u00e9 physique - RHEA Canada","og_description":"Les experts en s\u00e9curit\u00e9 physique de RHEA apportent leur soutien \u00e0 la planification, \u00e0 la conception et au d\u00e9ploiement des dispositifs de s\u00e9curit\u00e9 dans les nouvelles constructions ou les installations existantes.","og_url":"https:\/\/rheacanada.ca\/fr\/securite\/securite-physique\/conception-de-la-securite-physique\/","og_site_name":"RHEA Canada","article_publisher":"https:\/\/www.facebook.com\/RHEAGroupOfficial\/","article_modified_time":"2024-05-28T12:22:26+00:00","og_image":[{"width":2000,"height":1054,"url":"https:\/\/rheacanada.ca\/wp-content\/uploads\/2023\/09\/building-plans-hands-arms-laptop.jpg","type":"image\/jpeg"}],"twitter_card":"summary_large_image","twitter_site":"@rheagroup","twitter_misc":{"Dur\u00e9e de lecture estim\u00e9e":"1 minute"},"schema":{"@context":"https:\/\/schema.org","@graph":[{"@type":"WebPage","@id":"https:\/\/rheacanada.ca\/fr\/securite\/securite-physique\/conception-de-la-securite-physique\/","url":"https:\/\/rheacanada.ca\/fr\/securite\/securite-physique\/conception-de-la-securite-physique\/","name":"Conception de la s\u00e9curit\u00e9 physique - RHEA Canada","isPartOf":{"@id":"https:\/\/rheacanada.ca\/fr\/#website"},"primaryImageOfPage":{"@id":"https:\/\/rheacanada.ca\/fr\/securite\/securite-physique\/conception-de-la-securite-physique\/#primaryimage"},"image":{"@id":"https:\/\/rheacanada.ca\/fr\/securite\/securite-physique\/conception-de-la-securite-physique\/#primaryimage"},"thumbnailUrl":"https:\/\/rheacanada.ca\/wp-content\/uploads\/2023\/09\/building-plans-hands-arms-laptop.jpg","datePublished":"2023-10-02T11:12:47+00:00","dateModified":"2024-05-28T12:22:26+00:00","description":"Les experts en s\u00e9curit\u00e9 physique de RHEA apportent leur soutien \u00e0 la planification, \u00e0 la conception et au d\u00e9ploiement des dispositifs de s\u00e9curit\u00e9 dans les nouvelles constructions ou les installations existantes.","breadcrumb":{"@id":"https:\/\/rheacanada.ca\/fr\/securite\/securite-physique\/conception-de-la-securite-physique\/#breadcrumb"},"inLanguage":"fr-FR","potentialAction":[{"@type":"ReadAction","target":["https:\/\/rheacanada.ca\/fr\/securite\/securite-physique\/conception-de-la-securite-physique\/"]}]},{"@type":"ImageObject","inLanguage":"fr-FR","@id":"https:\/\/rheacanada.ca\/fr\/securite\/securite-physique\/conception-de-la-securite-physique\/#primaryimage","url":"https:\/\/rheacanada.ca\/wp-content\/uploads\/2023\/09\/building-plans-hands-arms-laptop.jpg","contentUrl":"https:\/\/rheacanada.ca\/wp-content\/uploads\/2023\/09\/building-plans-hands-arms-laptop.jpg","width":2000,"height":1054,"caption":"Three men's arms and hands over building plans with laptop on desk"},{"@type":"BreadcrumbList","@id":"https:\/\/rheacanada.ca\/fr\/securite\/securite-physique\/conception-de-la-securite-physique\/#breadcrumb","itemListElement":[{"@type":"ListItem","position":1,"name":"S\u00e9curit\u00e9","item":"https:\/\/rheacanada.ca\/fr\/securite\/"},{"@type":"ListItem","position":2,"name":"S\u00e9curit\u00e9 physique","item":"https:\/\/rheacanada.ca\/fr\/securite\/securite-physique\/"},{"@type":"ListItem","position":3,"name":"Conception de la s\u00e9curit\u00e9 physique"}]},{"@type":"WebSite","@id":"https:\/\/rheacanada.ca\/fr\/#website","url":"https:\/\/rheacanada.ca\/fr\/","name":"RHEA Canada","description":"Bespoke engineering solutions, system development and security services","publisher":{"@id":"https:\/\/rheacanada.ca\/fr\/#organization"},"potentialAction":[{"@type":"SearchAction","target":{"@type":"EntryPoint","urlTemplate":"https:\/\/rheacanada.ca\/fr\/?s={search_term_string}"},"query-input":{"@type":"PropertyValueSpecification","valueRequired":true,"valueName":"search_term_string"}}],"inLanguage":"fr-FR"},{"@type":"Organization","@id":"https:\/\/rheacanada.ca\/fr\/#organization","name":"RHEA Group Canada","url":"https:\/\/rheacanada.ca\/fr\/","logo":{"@type":"ImageObject","inLanguage":"fr-FR","@id":"https:\/\/rheacanada.ca\/fr\/#\/schema\/logo\/image\/","url":"","contentUrl":"","caption":"RHEA Group Canada"},"image":{"@id":"https:\/\/rheacanada.ca\/fr\/#\/schema\/logo\/image\/"},"sameAs":["https:\/\/www.facebook.com\/RHEAGroupOfficial\/","https:\/\/x.com\/rheagroup","https:\/\/www.linkedin.com\/company\/rheagroup\/","https:\/\/www.youtube.com\/channel\/UCGCzvwRN1QIED_MBIRF30jg?view_as=subscriber"]}]}},"_links":{"self":[{"href":"https:\/\/rheacanada.ca\/fr\/wp-json\/wp\/v2\/pages\/22970","targetHints":{"allow":["GET"]}}],"collection":[{"href":"https:\/\/rheacanada.ca\/fr\/wp-json\/wp\/v2\/pages"}],"about":[{"href":"https:\/\/rheacanada.ca\/fr\/wp-json\/wp\/v2\/types\/page"}],"author":[{"embeddable":true,"href":"https:\/\/rheacanada.ca\/fr\/wp-json\/wp\/v2\/users\/15"}],"replies":[{"embeddable":true,"href":"https:\/\/rheacanada.ca\/fr\/wp-json\/wp\/v2\/comments?post=22970"}],"version-history":[{"count":3,"href":"https:\/\/rheacanada.ca\/fr\/wp-json\/wp\/v2\/pages\/22970\/revisions"}],"predecessor-version":[{"id":23757,"href":"https:\/\/rheacanada.ca\/fr\/wp-json\/wp\/v2\/pages\/22970\/revisions\/23757"}],"up":[{"embeddable":true,"href":"https:\/\/rheacanada.ca\/fr\/wp-json\/wp\/v2\/pages\/21869"}],"wp:featuredmedia":[{"embeddable":true,"href":"https:\/\/rheacanada.ca\/fr\/wp-json\/wp\/v2\/media\/22947"}],"wp:attachment":[{"href":"https:\/\/rheacanada.ca\/fr\/wp-json\/wp\/v2\/media?parent=22970"}],"curies":[{"name":"wp","href":"https:\/\/api.w.org\/{rel}","templated":true}]}}