{"id":22944,"date":"2023-10-02T12:10:59","date_gmt":"2023-10-02T11:10:59","guid":{"rendered":"https:\/\/rheacanada.ca\/?page_id=22944"},"modified":"2023-10-02T12:10:59","modified_gmt":"2023-10-02T11:10:59","slug":"prevention-de-la-criminalite-par-la-conception-environnementale-cpted","status":"publish","type":"page","link":"https:\/\/rheacanada.ca\/fr\/securite\/securite-physique\/prevention-de-la-criminalite-par-la-conception-environnementale-cpted\/","title":{"rendered":"Pr\u00e9vention de la criminalit\u00e9 par la conception environnementale (CPTED)"},"content":{"rendered":"","protected":false},"excerpt":{"rendered":"","protected":false},"author":15,"featured_media":22940,"parent":21869,"menu_order":0,"comment_status":"closed","ping_status":"closed","template":"","meta":{"_acf_changed":false,"footnotes":""},"class_list":["post-22944","page","type-page","status-publish","has-post-thumbnail","hentry"],"acf":[],"yoast_head":"<!-- This site is optimized with the Yoast SEO plugin v27.5 - https:\/\/yoast.com\/product\/yoast-seo-wordpress\/ -->\n<title>Pr\u00e9vention de la criminalit\u00e9 par la conception environnementale (CPTED) - RHEA Canada<\/title>\n<meta name=\"description\" content=\"Nos experts en s\u00e9curit\u00e9 peuvent vous aider \u00e0 r\u00e9duire la criminalit\u00e9 gr\u00e2ce \u00e0 une bonne conception et \u00e0 des techniques de construction efficaces en utilisant la pr\u00e9vention de la criminalit\u00e9 par la conception environnementale (CPTED)\" \/>\n<meta name=\"robots\" content=\"index, follow, max-snippet:-1, max-image-preview:large, max-video-preview:-1\" \/>\n<link rel=\"canonical\" href=\"https:\/\/rheacanada.ca\/fr\/securite\/securite-physique\/prevention-de-la-criminalite-par-la-conception-environnementale-cpted\/\" \/>\n<meta property=\"og:locale\" content=\"fr_FR\" \/>\n<meta property=\"og:type\" content=\"article\" \/>\n<meta property=\"og:title\" content=\"Pr\u00e9vention de la criminalit\u00e9 par la conception environnementale (CPTED) - RHEA Canada\" \/>\n<meta property=\"og:description\" content=\"Nos experts en s\u00e9curit\u00e9 peuvent vous aider \u00e0 r\u00e9duire la criminalit\u00e9 gr\u00e2ce \u00e0 une bonne conception et \u00e0 des techniques de construction efficaces en utilisant la pr\u00e9vention de la criminalit\u00e9 par la conception environnementale (CPTED)\" \/>\n<meta property=\"og:url\" content=\"https:\/\/rheacanada.ca\/fr\/securite\/securite-physique\/prevention-de-la-criminalite-par-la-conception-environnementale-cpted\/\" \/>\n<meta property=\"og:site_name\" content=\"RHEA Canada\" \/>\n<meta property=\"article:publisher\" content=\"https:\/\/www.facebook.com\/RHEAGroupOfficial\/\" \/>\n<meta property=\"og:image\" content=\"https:\/\/rheacanada.ca\/wp-content\/uploads\/2023\/09\/office-overpass-street-lighting-night.jpg\" \/>\n\t<meta property=\"og:image:width\" content=\"2000\" \/>\n\t<meta property=\"og:image:height\" content=\"1039\" \/>\n\t<meta property=\"og:image:type\" content=\"image\/jpeg\" \/>\n<meta name=\"twitter:card\" content=\"summary_large_image\" \/>\n<meta name=\"twitter:site\" content=\"@rheagroup\" \/>\n<script type=\"application\/ld+json\" class=\"yoast-schema-graph\">{\"@context\":\"https:\\\/\\\/schema.org\",\"@graph\":[{\"@type\":\"WebPage\",\"@id\":\"https:\\\/\\\/rheacanada.ca\\\/fr\\\/securite\\\/securite-physique\\\/prevention-de-la-criminalite-par-la-conception-environnementale-cpted\\\/\",\"url\":\"https:\\\/\\\/rheacanada.ca\\\/fr\\\/securite\\\/securite-physique\\\/prevention-de-la-criminalite-par-la-conception-environnementale-cpted\\\/\",\"name\":\"Pr\u00e9vention de la criminalit\u00e9 par la conception environnementale (CPTED) - RHEA Canada\",\"isPartOf\":{\"@id\":\"https:\\\/\\\/rheacanada.ca\\\/fr\\\/#website\"},\"primaryImageOfPage\":{\"@id\":\"https:\\\/\\\/rheacanada.ca\\\/fr\\\/securite\\\/securite-physique\\\/prevention-de-la-criminalite-par-la-conception-environnementale-cpted\\\/#primaryimage\"},\"image\":{\"@id\":\"https:\\\/\\\/rheacanada.ca\\\/fr\\\/securite\\\/securite-physique\\\/prevention-de-la-criminalite-par-la-conception-environnementale-cpted\\\/#primaryimage\"},\"thumbnailUrl\":\"https:\\\/\\\/rheacanada.ca\\\/wp-content\\\/uploads\\\/2023\\\/09\\\/office-overpass-street-lighting-night.jpg\",\"datePublished\":\"2023-10-02T11:10:59+00:00\",\"description\":\"Nos experts en s\u00e9curit\u00e9 peuvent vous aider \u00e0 r\u00e9duire la criminalit\u00e9 gr\u00e2ce \u00e0 une bonne conception et \u00e0 des techniques de construction efficaces en utilisant la pr\u00e9vention de la criminalit\u00e9 par la conception environnementale (CPTED)\",\"inLanguage\":\"fr-FR\",\"potentialAction\":[{\"@type\":\"ReadAction\",\"target\":[\"https:\\\/\\\/rheacanada.ca\\\/fr\\\/securite\\\/securite-physique\\\/prevention-de-la-criminalite-par-la-conception-environnementale-cpted\\\/\"]}]},{\"@type\":\"ImageObject\",\"inLanguage\":\"fr-FR\",\"@id\":\"https:\\\/\\\/rheacanada.ca\\\/fr\\\/securite\\\/securite-physique\\\/prevention-de-la-criminalite-par-la-conception-environnementale-cpted\\\/#primaryimage\",\"url\":\"https:\\\/\\\/rheacanada.ca\\\/wp-content\\\/uploads\\\/2023\\\/09\\\/office-overpass-street-lighting-night.jpg\",\"contentUrl\":\"https:\\\/\\\/rheacanada.ca\\\/wp-content\\\/uploads\\\/2023\\\/09\\\/office-overpass-street-lighting-night.jpg\",\"width\":2000,\"height\":1039,\"caption\":\"nighttime scene showing offices, overpass and street with bright lighting\"},{\"@type\":\"WebSite\",\"@id\":\"https:\\\/\\\/rheacanada.ca\\\/fr\\\/#website\",\"url\":\"https:\\\/\\\/rheacanada.ca\\\/fr\\\/\",\"name\":\"RHEA Canada\",\"description\":\"Bespoke engineering solutions, system development and security services\",\"publisher\":{\"@id\":\"https:\\\/\\\/rheacanada.ca\\\/fr\\\/#organization\"},\"potentialAction\":[{\"@type\":\"SearchAction\",\"target\":{\"@type\":\"EntryPoint\",\"urlTemplate\":\"https:\\\/\\\/rheacanada.ca\\\/fr\\\/?s={search_term_string}\"},\"query-input\":{\"@type\":\"PropertyValueSpecification\",\"valueRequired\":true,\"valueName\":\"search_term_string\"}}],\"inLanguage\":\"fr-FR\"},{\"@type\":\"Organization\",\"@id\":\"https:\\\/\\\/rheacanada.ca\\\/fr\\\/#organization\",\"name\":\"RHEA Group Canada\",\"url\":\"https:\\\/\\\/rheacanada.ca\\\/fr\\\/\",\"logo\":{\"@type\":\"ImageObject\",\"inLanguage\":\"fr-FR\",\"@id\":\"https:\\\/\\\/rheacanada.ca\\\/fr\\\/#\\\/schema\\\/logo\\\/image\\\/\",\"url\":\"\",\"contentUrl\":\"\",\"caption\":\"RHEA Group Canada\"},\"image\":{\"@id\":\"https:\\\/\\\/rheacanada.ca\\\/fr\\\/#\\\/schema\\\/logo\\\/image\\\/\"},\"sameAs\":[\"https:\\\/\\\/www.facebook.com\\\/RHEAGroupOfficial\\\/\",\"https:\\\/\\\/x.com\\\/rheagroup\",\"https:\\\/\\\/www.linkedin.com\\\/company\\\/rheagroup\\\/\",\"https:\\\/\\\/www.youtube.com\\\/channel\\\/UCGCzvwRN1QIED_MBIRF30jg?view_as=subscriber\"]}]}<\/script>\n<!-- \/ Yoast SEO plugin. -->","yoast_head_json":{"title":"Pr\u00e9vention de la criminalit\u00e9 par la conception environnementale (CPTED) - RHEA Canada","description":"Nos experts en s\u00e9curit\u00e9 peuvent vous aider \u00e0 r\u00e9duire la criminalit\u00e9 gr\u00e2ce \u00e0 une bonne conception et \u00e0 des techniques de construction efficaces en utilisant la pr\u00e9vention de la criminalit\u00e9 par la conception environnementale (CPTED)","robots":{"index":"index","follow":"follow","max-snippet":"max-snippet:-1","max-image-preview":"max-image-preview:large","max-video-preview":"max-video-preview:-1"},"canonical":"https:\/\/rheacanada.ca\/fr\/securite\/securite-physique\/prevention-de-la-criminalite-par-la-conception-environnementale-cpted\/","og_locale":"fr_FR","og_type":"article","og_title":"Pr\u00e9vention de la criminalit\u00e9 par la conception environnementale (CPTED) - RHEA Canada","og_description":"Nos experts en s\u00e9curit\u00e9 peuvent vous aider \u00e0 r\u00e9duire la criminalit\u00e9 gr\u00e2ce \u00e0 une bonne conception et \u00e0 des techniques de construction efficaces en utilisant la pr\u00e9vention de la criminalit\u00e9 par la conception environnementale (CPTED)","og_url":"https:\/\/rheacanada.ca\/fr\/securite\/securite-physique\/prevention-de-la-criminalite-par-la-conception-environnementale-cpted\/","og_site_name":"RHEA Canada","article_publisher":"https:\/\/www.facebook.com\/RHEAGroupOfficial\/","og_image":[{"width":2000,"height":1039,"url":"https:\/\/rheacanada.ca\/wp-content\/uploads\/2023\/09\/office-overpass-street-lighting-night.jpg","type":"image\/jpeg"}],"twitter_card":"summary_large_image","twitter_site":"@rheagroup","schema":{"@context":"https:\/\/schema.org","@graph":[{"@type":"WebPage","@id":"https:\/\/rheacanada.ca\/fr\/securite\/securite-physique\/prevention-de-la-criminalite-par-la-conception-environnementale-cpted\/","url":"https:\/\/rheacanada.ca\/fr\/securite\/securite-physique\/prevention-de-la-criminalite-par-la-conception-environnementale-cpted\/","name":"Pr\u00e9vention de la criminalit\u00e9 par la conception environnementale (CPTED) - RHEA Canada","isPartOf":{"@id":"https:\/\/rheacanada.ca\/fr\/#website"},"primaryImageOfPage":{"@id":"https:\/\/rheacanada.ca\/fr\/securite\/securite-physique\/prevention-de-la-criminalite-par-la-conception-environnementale-cpted\/#primaryimage"},"image":{"@id":"https:\/\/rheacanada.ca\/fr\/securite\/securite-physique\/prevention-de-la-criminalite-par-la-conception-environnementale-cpted\/#primaryimage"},"thumbnailUrl":"https:\/\/rheacanada.ca\/wp-content\/uploads\/2023\/09\/office-overpass-street-lighting-night.jpg","datePublished":"2023-10-02T11:10:59+00:00","description":"Nos experts en s\u00e9curit\u00e9 peuvent vous aider \u00e0 r\u00e9duire la criminalit\u00e9 gr\u00e2ce \u00e0 une bonne conception et \u00e0 des techniques de construction efficaces en utilisant la pr\u00e9vention de la criminalit\u00e9 par la conception environnementale (CPTED)","inLanguage":"fr-FR","potentialAction":[{"@type":"ReadAction","target":["https:\/\/rheacanada.ca\/fr\/securite\/securite-physique\/prevention-de-la-criminalite-par-la-conception-environnementale-cpted\/"]}]},{"@type":"ImageObject","inLanguage":"fr-FR","@id":"https:\/\/rheacanada.ca\/fr\/securite\/securite-physique\/prevention-de-la-criminalite-par-la-conception-environnementale-cpted\/#primaryimage","url":"https:\/\/rheacanada.ca\/wp-content\/uploads\/2023\/09\/office-overpass-street-lighting-night.jpg","contentUrl":"https:\/\/rheacanada.ca\/wp-content\/uploads\/2023\/09\/office-overpass-street-lighting-night.jpg","width":2000,"height":1039,"caption":"nighttime scene showing offices, overpass and street with bright lighting"},{"@type":"WebSite","@id":"https:\/\/rheacanada.ca\/fr\/#website","url":"https:\/\/rheacanada.ca\/fr\/","name":"RHEA Canada","description":"Bespoke engineering solutions, system development and security services","publisher":{"@id":"https:\/\/rheacanada.ca\/fr\/#organization"},"potentialAction":[{"@type":"SearchAction","target":{"@type":"EntryPoint","urlTemplate":"https:\/\/rheacanada.ca\/fr\/?s={search_term_string}"},"query-input":{"@type":"PropertyValueSpecification","valueRequired":true,"valueName":"search_term_string"}}],"inLanguage":"fr-FR"},{"@type":"Organization","@id":"https:\/\/rheacanada.ca\/fr\/#organization","name":"RHEA Group Canada","url":"https:\/\/rheacanada.ca\/fr\/","logo":{"@type":"ImageObject","inLanguage":"fr-FR","@id":"https:\/\/rheacanada.ca\/fr\/#\/schema\/logo\/image\/","url":"","contentUrl":"","caption":"RHEA Group Canada"},"image":{"@id":"https:\/\/rheacanada.ca\/fr\/#\/schema\/logo\/image\/"},"sameAs":["https:\/\/www.facebook.com\/RHEAGroupOfficial\/","https:\/\/x.com\/rheagroup","https:\/\/www.linkedin.com\/company\/rheagroup\/","https:\/\/www.youtube.com\/channel\/UCGCzvwRN1QIED_MBIRF30jg?view_as=subscriber"]}]}},"_links":{"self":[{"href":"https:\/\/rheacanada.ca\/fr\/wp-json\/wp\/v2\/pages\/22944","targetHints":{"allow":["GET"]}}],"collection":[{"href":"https:\/\/rheacanada.ca\/fr\/wp-json\/wp\/v2\/pages"}],"about":[{"href":"https:\/\/rheacanada.ca\/fr\/wp-json\/wp\/v2\/types\/page"}],"author":[{"embeddable":true,"href":"https:\/\/rheacanada.ca\/fr\/wp-json\/wp\/v2\/users\/15"}],"replies":[{"embeddable":true,"href":"https:\/\/rheacanada.ca\/fr\/wp-json\/wp\/v2\/comments?post=22944"}],"version-history":[{"count":2,"href":"https:\/\/rheacanada.ca\/fr\/wp-json\/wp\/v2\/pages\/22944\/revisions"}],"predecessor-version":[{"id":22975,"href":"https:\/\/rheacanada.ca\/fr\/wp-json\/wp\/v2\/pages\/22944\/revisions\/22975"}],"up":[{"embeddable":true,"href":"https:\/\/rheacanada.ca\/fr\/wp-json\/wp\/v2\/pages\/21869"}],"wp:featuredmedia":[{"embeddable":true,"href":"https:\/\/rheacanada.ca\/fr\/wp-json\/wp\/v2\/media\/22940"}],"wp:attachment":[{"href":"https:\/\/rheacanada.ca\/fr\/wp-json\/wp\/v2\/media?parent=22944"}],"curies":[{"name":"wp","href":"https:\/\/api.w.org\/{rel}","templated":true}]}}