{"id":22277,"date":"2021-10-01T16:15:48","date_gmt":"2021-10-01T15:15:48","guid":{"rendered":"https:\/\/rheacanada.ca\/?page_id=22277"},"modified":"2025-08-04T16:38:35","modified_gmt":"2025-08-04T15:38:35","slug":"direction","status":"publish","type":"page","link":"https:\/\/rheacanada.ca\/fr\/direction\/","title":{"rendered":"Direction"},"content":{"rendered":"","protected":false},"excerpt":{"rendered":"","protected":false},"author":15,"featured_media":21539,"parent":0,"menu_order":0,"comment_status":"closed","ping_status":"closed","template":"","meta":{"_acf_changed":false,"footnotes":""},"class_list":["post-22277","page","type-page","status-publish","has-post-thumbnail","hentry"],"acf":[],"yoast_head":"<!-- This site is optimized with the Yoast SEO plugin v27.4 - https:\/\/yoast.com\/product\/yoast-seo-wordpress\/ -->\n<title>Direction - RHEA Canada<\/title>\n<meta name=\"description\" content=\"L&#039;\u00e9quipe de direction de RHEA Canada rassemble une multitude de connaissances et d&#039;expertise. Rencontrez l&#039;\u00e9quipe de direction qui est \u00e0 l&#039;origine du succ\u00e8s mondial constant de RHEA.\" \/>\n<meta name=\"robots\" content=\"index, follow, max-snippet:-1, max-image-preview:large, max-video-preview:-1\" \/>\n<link rel=\"canonical\" href=\"https:\/\/rheacanada.ca\/fr\/direction\/\" \/>\n<meta property=\"og:locale\" content=\"fr_FR\" \/>\n<meta property=\"og:type\" content=\"article\" \/>\n<meta property=\"og:title\" content=\"Direction - RHEA Canada\" \/>\n<meta property=\"og:description\" content=\"L&#039;\u00e9quipe de direction de RHEA Canada rassemble une multitude de connaissances et d&#039;expertise. Rencontrez l&#039;\u00e9quipe de direction qui est \u00e0 l&#039;origine du succ\u00e8s mondial constant de RHEA.\" \/>\n<meta property=\"og:url\" content=\"https:\/\/rheacanada.ca\/fr\/direction\/\" \/>\n<meta property=\"og:site_name\" content=\"RHEA Canada\" \/>\n<meta property=\"article:publisher\" content=\"https:\/\/www.facebook.com\/RHEAGroupOfficial\/\" \/>\n<meta property=\"article:modified_time\" content=\"2025-08-04T15:38:35+00:00\" \/>\n<meta property=\"og:image\" content=\"https:\/\/rheacanada.ca\/wp-content\/uploads\/2021\/06\/montreal-canada-skyline-bridge-autumn.jpg\" \/>\n\t<meta property=\"og:image:width\" content=\"2000\" \/>\n\t<meta property=\"og:image:height\" content=\"1333\" \/>\n\t<meta property=\"og:image:type\" content=\"image\/jpeg\" \/>\n<meta name=\"twitter:card\" content=\"summary_large_image\" \/>\n<meta name=\"twitter:site\" content=\"@rheagroup\" \/>\n<meta name=\"twitter:label1\" content=\"Dur\u00e9e de lecture estim\u00e9e\" \/>\n\t<meta name=\"twitter:data1\" content=\"1 minute\" \/>\n<script type=\"application\/ld+json\" class=\"yoast-schema-graph\">{\"@context\":\"https:\\\/\\\/schema.org\",\"@graph\":[{\"@type\":\"WebPage\",\"@id\":\"https:\\\/\\\/rheacanada.ca\\\/fr\\\/direction\\\/\",\"url\":\"https:\\\/\\\/rheacanada.ca\\\/fr\\\/direction\\\/\",\"name\":\"Direction - RHEA Canada\",\"isPartOf\":{\"@id\":\"https:\\\/\\\/rheacanada.ca\\\/fr\\\/#website\"},\"primaryImageOfPage\":{\"@id\":\"https:\\\/\\\/rheacanada.ca\\\/fr\\\/direction\\\/#primaryimage\"},\"image\":{\"@id\":\"https:\\\/\\\/rheacanada.ca\\\/fr\\\/direction\\\/#primaryimage\"},\"thumbnailUrl\":\"https:\\\/\\\/rheacanada.ca\\\/wp-content\\\/uploads\\\/2021\\\/06\\\/montreal-canada-skyline-bridge-autumn.jpg\",\"datePublished\":\"2021-10-01T15:15:48+00:00\",\"dateModified\":\"2025-08-04T15:38:35+00:00\",\"description\":\"L'\u00e9quipe de direction de RHEA Canada rassemble une multitude de connaissances et d'expertise. Rencontrez l'\u00e9quipe de direction qui est \u00e0 l'origine du succ\u00e8s mondial constant de RHEA.\",\"inLanguage\":\"fr-FR\",\"potentialAction\":[{\"@type\":\"ReadAction\",\"target\":[\"https:\\\/\\\/rheacanada.ca\\\/fr\\\/direction\\\/\"]}]},{\"@type\":\"ImageObject\",\"inLanguage\":\"fr-FR\",\"@id\":\"https:\\\/\\\/rheacanada.ca\\\/fr\\\/direction\\\/#primaryimage\",\"url\":\"https:\\\/\\\/rheacanada.ca\\\/wp-content\\\/uploads\\\/2021\\\/06\\\/montreal-canada-skyline-bridge-autumn.jpg\",\"contentUrl\":\"https:\\\/\\\/rheacanada.ca\\\/wp-content\\\/uploads\\\/2021\\\/06\\\/montreal-canada-skyline-bridge-autumn.jpg\",\"width\":2000,\"height\":1333,\"caption\":\"Montreal Canada skyline avec pont en automne\"},{\"@type\":\"WebSite\",\"@id\":\"https:\\\/\\\/rheacanada.ca\\\/fr\\\/#website\",\"url\":\"https:\\\/\\\/rheacanada.ca\\\/fr\\\/\",\"name\":\"RHEA Canada\",\"description\":\"Bespoke engineering solutions, system development and security services\",\"publisher\":{\"@id\":\"https:\\\/\\\/rheacanada.ca\\\/fr\\\/#organization\"},\"potentialAction\":[{\"@type\":\"SearchAction\",\"target\":{\"@type\":\"EntryPoint\",\"urlTemplate\":\"https:\\\/\\\/rheacanada.ca\\\/fr\\\/?s={search_term_string}\"},\"query-input\":{\"@type\":\"PropertyValueSpecification\",\"valueRequired\":true,\"valueName\":\"search_term_string\"}}],\"inLanguage\":\"fr-FR\"},{\"@type\":\"Organization\",\"@id\":\"https:\\\/\\\/rheacanada.ca\\\/fr\\\/#organization\",\"name\":\"RHEA Group Canada\",\"url\":\"https:\\\/\\\/rheacanada.ca\\\/fr\\\/\",\"logo\":{\"@type\":\"ImageObject\",\"inLanguage\":\"fr-FR\",\"@id\":\"https:\\\/\\\/rheacanada.ca\\\/fr\\\/#\\\/schema\\\/logo\\\/image\\\/\",\"url\":\"\",\"contentUrl\":\"\",\"caption\":\"RHEA Group Canada\"},\"image\":{\"@id\":\"https:\\\/\\\/rheacanada.ca\\\/fr\\\/#\\\/schema\\\/logo\\\/image\\\/\"},\"sameAs\":[\"https:\\\/\\\/www.facebook.com\\\/RHEAGroupOfficial\\\/\",\"https:\\\/\\\/x.com\\\/rheagroup\",\"https:\\\/\\\/www.linkedin.com\\\/company\\\/rheagroup\\\/\",\"https:\\\/\\\/www.youtube.com\\\/channel\\\/UCGCzvwRN1QIED_MBIRF30jg?view_as=subscriber\"]}]}<\/script>\n<!-- \/ Yoast SEO plugin. -->","yoast_head_json":{"title":"Direction - RHEA Canada","description":"L'\u00e9quipe de direction de RHEA Canada rassemble une multitude de connaissances et d'expertise. Rencontrez l'\u00e9quipe de direction qui est \u00e0 l'origine du succ\u00e8s mondial constant de RHEA.","robots":{"index":"index","follow":"follow","max-snippet":"max-snippet:-1","max-image-preview":"max-image-preview:large","max-video-preview":"max-video-preview:-1"},"canonical":"https:\/\/rheacanada.ca\/fr\/direction\/","og_locale":"fr_FR","og_type":"article","og_title":"Direction - RHEA Canada","og_description":"L'\u00e9quipe de direction de RHEA Canada rassemble une multitude de connaissances et d'expertise. Rencontrez l'\u00e9quipe de direction qui est \u00e0 l'origine du succ\u00e8s mondial constant de RHEA.","og_url":"https:\/\/rheacanada.ca\/fr\/direction\/","og_site_name":"RHEA Canada","article_publisher":"https:\/\/www.facebook.com\/RHEAGroupOfficial\/","article_modified_time":"2025-08-04T15:38:35+00:00","og_image":[{"width":2000,"height":1333,"url":"https:\/\/rheacanada.ca\/wp-content\/uploads\/2021\/06\/montreal-canada-skyline-bridge-autumn.jpg","type":"image\/jpeg"}],"twitter_card":"summary_large_image","twitter_site":"@rheagroup","twitter_misc":{"Dur\u00e9e de lecture estim\u00e9e":"1 minute"},"schema":{"@context":"https:\/\/schema.org","@graph":[{"@type":"WebPage","@id":"https:\/\/rheacanada.ca\/fr\/direction\/","url":"https:\/\/rheacanada.ca\/fr\/direction\/","name":"Direction - RHEA Canada","isPartOf":{"@id":"https:\/\/rheacanada.ca\/fr\/#website"},"primaryImageOfPage":{"@id":"https:\/\/rheacanada.ca\/fr\/direction\/#primaryimage"},"image":{"@id":"https:\/\/rheacanada.ca\/fr\/direction\/#primaryimage"},"thumbnailUrl":"https:\/\/rheacanada.ca\/wp-content\/uploads\/2021\/06\/montreal-canada-skyline-bridge-autumn.jpg","datePublished":"2021-10-01T15:15:48+00:00","dateModified":"2025-08-04T15:38:35+00:00","description":"L'\u00e9quipe de direction de RHEA Canada rassemble une multitude de connaissances et d'expertise. Rencontrez l'\u00e9quipe de direction qui est \u00e0 l'origine du succ\u00e8s mondial constant de RHEA.","inLanguage":"fr-FR","potentialAction":[{"@type":"ReadAction","target":["https:\/\/rheacanada.ca\/fr\/direction\/"]}]},{"@type":"ImageObject","inLanguage":"fr-FR","@id":"https:\/\/rheacanada.ca\/fr\/direction\/#primaryimage","url":"https:\/\/rheacanada.ca\/wp-content\/uploads\/2021\/06\/montreal-canada-skyline-bridge-autumn.jpg","contentUrl":"https:\/\/rheacanada.ca\/wp-content\/uploads\/2021\/06\/montreal-canada-skyline-bridge-autumn.jpg","width":2000,"height":1333,"caption":"Montreal Canada skyline avec pont en automne"},{"@type":"WebSite","@id":"https:\/\/rheacanada.ca\/fr\/#website","url":"https:\/\/rheacanada.ca\/fr\/","name":"RHEA Canada","description":"Bespoke engineering solutions, system development and security services","publisher":{"@id":"https:\/\/rheacanada.ca\/fr\/#organization"},"potentialAction":[{"@type":"SearchAction","target":{"@type":"EntryPoint","urlTemplate":"https:\/\/rheacanada.ca\/fr\/?s={search_term_string}"},"query-input":{"@type":"PropertyValueSpecification","valueRequired":true,"valueName":"search_term_string"}}],"inLanguage":"fr-FR"},{"@type":"Organization","@id":"https:\/\/rheacanada.ca\/fr\/#organization","name":"RHEA Group Canada","url":"https:\/\/rheacanada.ca\/fr\/","logo":{"@type":"ImageObject","inLanguage":"fr-FR","@id":"https:\/\/rheacanada.ca\/fr\/#\/schema\/logo\/image\/","url":"","contentUrl":"","caption":"RHEA Group Canada"},"image":{"@id":"https:\/\/rheacanada.ca\/fr\/#\/schema\/logo\/image\/"},"sameAs":["https:\/\/www.facebook.com\/RHEAGroupOfficial\/","https:\/\/x.com\/rheagroup","https:\/\/www.linkedin.com\/company\/rheagroup\/","https:\/\/www.youtube.com\/channel\/UCGCzvwRN1QIED_MBIRF30jg?view_as=subscriber"]}]}},"_links":{"self":[{"href":"https:\/\/rheacanada.ca\/fr\/wp-json\/wp\/v2\/pages\/22277","targetHints":{"allow":["GET"]}}],"collection":[{"href":"https:\/\/rheacanada.ca\/fr\/wp-json\/wp\/v2\/pages"}],"about":[{"href":"https:\/\/rheacanada.ca\/fr\/wp-json\/wp\/v2\/types\/page"}],"author":[{"embeddable":true,"href":"https:\/\/rheacanada.ca\/fr\/wp-json\/wp\/v2\/users\/15"}],"replies":[{"embeddable":true,"href":"https:\/\/rheacanada.ca\/fr\/wp-json\/wp\/v2\/comments?post=22277"}],"version-history":[{"count":6,"href":"https:\/\/rheacanada.ca\/fr\/wp-json\/wp\/v2\/pages\/22277\/revisions"}],"predecessor-version":[{"id":23897,"href":"https:\/\/rheacanada.ca\/fr\/wp-json\/wp\/v2\/pages\/22277\/revisions\/23897"}],"wp:featuredmedia":[{"embeddable":true,"href":"https:\/\/rheacanada.ca\/fr\/wp-json\/wp\/v2\/media\/21539"}],"wp:attachment":[{"href":"https:\/\/rheacanada.ca\/fr\/wp-json\/wp\/v2\/media?parent=22277"}],"curies":[{"name":"wp","href":"https:\/\/api.w.org\/{rel}","templated":true}]}}