{"id":21869,"date":"2020-06-18T15:34:39","date_gmt":"2020-06-18T14:34:39","guid":{"rendered":"https:\/\/rheacanada.ca\/services-solutions\/securite\/physical-security-technology\/"},"modified":"2023-10-06T11:29:56","modified_gmt":"2023-10-06T10:29:56","slug":"securite-physique","status":"publish","type":"page","link":"https:\/\/rheacanada.ca\/fr\/securite\/securite-physique\/","title":{"rendered":"S\u00e9curit\u00e9 physique"},"content":{"rendered":"","protected":false},"excerpt":{"rendered":"","protected":false},"author":1,"featured_media":22372,"parent":21872,"menu_order":0,"comment_status":"closed","ping_status":"closed","template":"","meta":{"_acf_changed":false,"footnotes":""},"class_list":["post-21869","page","type-page","status-publish","has-post-thumbnail","hentry"],"acf":[],"yoast_head":"<!-- This site is optimized with the Yoast SEO plugin v27.5 - https:\/\/yoast.com\/product\/yoast-seo-wordpress\/ -->\n<title>S\u00e9curit\u00e9 physique - RHEA Canada<\/title>\n<meta name=\"description\" content=\"RHEA Canada peut vous aider \u00e0 maximiser la s\u00e9curit\u00e9 physique de vos installations existantes et de vos nouveaux b\u00e2timents gr\u00e2ce \u00e0 des solutions personnalis\u00e9es et rentables.\" \/>\n<meta name=\"robots\" content=\"index, follow, max-snippet:-1, max-image-preview:large, max-video-preview:-1\" \/>\n<link rel=\"canonical\" href=\"https:\/\/rheacanada.ca\/fr\/securite\/securite-physique\/\" \/>\n<meta property=\"og:locale\" content=\"fr_FR\" \/>\n<meta property=\"og:type\" content=\"article\" \/>\n<meta property=\"og:title\" content=\"S\u00e9curit\u00e9 physique - RHEA Canada\" \/>\n<meta property=\"og:description\" content=\"RHEA Canada peut vous aider \u00e0 maximiser la s\u00e9curit\u00e9 physique de vos installations existantes et de vos nouveaux b\u00e2timents gr\u00e2ce \u00e0 des solutions personnalis\u00e9es et rentables.\" \/>\n<meta property=\"og:url\" content=\"https:\/\/rheacanada.ca\/fr\/securite\/securite-physique\/\" \/>\n<meta property=\"og:site_name\" content=\"RHEA Canada\" \/>\n<meta property=\"article:publisher\" content=\"https:\/\/www.facebook.com\/RHEAGroupOfficial\/\" \/>\n<meta property=\"article:modified_time\" content=\"2023-10-06T10:29:56+00:00\" \/>\n<meta property=\"og:image\" content=\"https:\/\/rheacanada.ca\/wp-content\/uploads\/2022\/03\/physical-security-badge-scanner-with-hand-and-card.jpg\" \/>\n\t<meta property=\"og:image:width\" content=\"2000\" \/>\n\t<meta property=\"og:image:height\" content=\"1333\" \/>\n\t<meta property=\"og:image:type\" content=\"image\/jpeg\" \/>\n<meta name=\"twitter:card\" content=\"summary_large_image\" \/>\n<meta name=\"twitter:site\" content=\"@rheagroup\" \/>\n<script type=\"application\/ld+json\" class=\"yoast-schema-graph\">{\"@context\":\"https:\\\/\\\/schema.org\",\"@graph\":[{\"@type\":\"WebPage\",\"@id\":\"https:\\\/\\\/rheacanada.ca\\\/fr\\\/securite\\\/securite-physique\\\/\",\"url\":\"https:\\\/\\\/rheacanada.ca\\\/fr\\\/securite\\\/securite-physique\\\/\",\"name\":\"S\u00e9curit\u00e9 physique - RHEA Canada\",\"isPartOf\":{\"@id\":\"https:\\\/\\\/rheacanada.ca\\\/fr\\\/#website\"},\"primaryImageOfPage\":{\"@id\":\"https:\\\/\\\/rheacanada.ca\\\/fr\\\/securite\\\/securite-physique\\\/#primaryimage\"},\"image\":{\"@id\":\"https:\\\/\\\/rheacanada.ca\\\/fr\\\/securite\\\/securite-physique\\\/#primaryimage\"},\"thumbnailUrl\":\"https:\\\/\\\/rheacanada.ca\\\/wp-content\\\/uploads\\\/2022\\\/03\\\/physical-security-badge-scanner-with-hand-and-card.jpg\",\"datePublished\":\"2020-06-18T14:34:39+00:00\",\"dateModified\":\"2023-10-06T10:29:56+00:00\",\"description\":\"RHEA Canada peut vous aider \u00e0 maximiser la s\u00e9curit\u00e9 physique de vos installations existantes et de vos nouveaux b\u00e2timents gr\u00e2ce \u00e0 des solutions personnalis\u00e9es et rentables.\",\"breadcrumb\":{\"@id\":\"https:\\\/\\\/rheacanada.ca\\\/fr\\\/securite\\\/securite-physique\\\/#breadcrumb\"},\"inLanguage\":\"fr-FR\",\"potentialAction\":[{\"@type\":\"ReadAction\",\"target\":[\"https:\\\/\\\/rheacanada.ca\\\/fr\\\/securite\\\/securite-physique\\\/\"]}]},{\"@type\":\"ImageObject\",\"inLanguage\":\"fr-FR\",\"@id\":\"https:\\\/\\\/rheacanada.ca\\\/fr\\\/securite\\\/securite-physique\\\/#primaryimage\",\"url\":\"https:\\\/\\\/rheacanada.ca\\\/wp-content\\\/uploads\\\/2022\\\/03\\\/physical-security-badge-scanner-with-hand-and-card.jpg\",\"contentUrl\":\"https:\\\/\\\/rheacanada.ca\\\/wp-content\\\/uploads\\\/2022\\\/03\\\/physical-security-badge-scanner-with-hand-and-card.jpg\",\"width\":2000,\"height\":1333},{\"@type\":\"BreadcrumbList\",\"@id\":\"https:\\\/\\\/rheacanada.ca\\\/fr\\\/securite\\\/securite-physique\\\/#breadcrumb\",\"itemListElement\":[{\"@type\":\"ListItem\",\"position\":1,\"name\":\"S\u00e9curit\u00e9\",\"item\":\"https:\\\/\\\/rheacanada.ca\\\/fr\\\/securite\\\/\"},{\"@type\":\"ListItem\",\"position\":2,\"name\":\"S\u00e9curit\u00e9 physique\"}]},{\"@type\":\"WebSite\",\"@id\":\"https:\\\/\\\/rheacanada.ca\\\/fr\\\/#website\",\"url\":\"https:\\\/\\\/rheacanada.ca\\\/fr\\\/\",\"name\":\"RHEA Canada\",\"description\":\"Bespoke engineering solutions, system development and security services\",\"publisher\":{\"@id\":\"https:\\\/\\\/rheacanada.ca\\\/fr\\\/#organization\"},\"potentialAction\":[{\"@type\":\"SearchAction\",\"target\":{\"@type\":\"EntryPoint\",\"urlTemplate\":\"https:\\\/\\\/rheacanada.ca\\\/fr\\\/?s={search_term_string}\"},\"query-input\":{\"@type\":\"PropertyValueSpecification\",\"valueRequired\":true,\"valueName\":\"search_term_string\"}}],\"inLanguage\":\"fr-FR\"},{\"@type\":\"Organization\",\"@id\":\"https:\\\/\\\/rheacanada.ca\\\/fr\\\/#organization\",\"name\":\"RHEA Group Canada\",\"url\":\"https:\\\/\\\/rheacanada.ca\\\/fr\\\/\",\"logo\":{\"@type\":\"ImageObject\",\"inLanguage\":\"fr-FR\",\"@id\":\"https:\\\/\\\/rheacanada.ca\\\/fr\\\/#\\\/schema\\\/logo\\\/image\\\/\",\"url\":\"\",\"contentUrl\":\"\",\"caption\":\"RHEA Group Canada\"},\"image\":{\"@id\":\"https:\\\/\\\/rheacanada.ca\\\/fr\\\/#\\\/schema\\\/logo\\\/image\\\/\"},\"sameAs\":[\"https:\\\/\\\/www.facebook.com\\\/RHEAGroupOfficial\\\/\",\"https:\\\/\\\/x.com\\\/rheagroup\",\"https:\\\/\\\/www.linkedin.com\\\/company\\\/rheagroup\\\/\",\"https:\\\/\\\/www.youtube.com\\\/channel\\\/UCGCzvwRN1QIED_MBIRF30jg?view_as=subscriber\"]}]}<\/script>\n<!-- \/ Yoast SEO plugin. -->","yoast_head_json":{"title":"S\u00e9curit\u00e9 physique - RHEA Canada","description":"RHEA Canada peut vous aider \u00e0 maximiser la s\u00e9curit\u00e9 physique de vos installations existantes et de vos nouveaux b\u00e2timents gr\u00e2ce \u00e0 des solutions personnalis\u00e9es et rentables.","robots":{"index":"index","follow":"follow","max-snippet":"max-snippet:-1","max-image-preview":"max-image-preview:large","max-video-preview":"max-video-preview:-1"},"canonical":"https:\/\/rheacanada.ca\/fr\/securite\/securite-physique\/","og_locale":"fr_FR","og_type":"article","og_title":"S\u00e9curit\u00e9 physique - RHEA Canada","og_description":"RHEA Canada peut vous aider \u00e0 maximiser la s\u00e9curit\u00e9 physique de vos installations existantes et de vos nouveaux b\u00e2timents gr\u00e2ce \u00e0 des solutions personnalis\u00e9es et rentables.","og_url":"https:\/\/rheacanada.ca\/fr\/securite\/securite-physique\/","og_site_name":"RHEA Canada","article_publisher":"https:\/\/www.facebook.com\/RHEAGroupOfficial\/","article_modified_time":"2023-10-06T10:29:56+00:00","og_image":[{"width":2000,"height":1333,"url":"https:\/\/rheacanada.ca\/wp-content\/uploads\/2022\/03\/physical-security-badge-scanner-with-hand-and-card.jpg","type":"image\/jpeg"}],"twitter_card":"summary_large_image","twitter_site":"@rheagroup","schema":{"@context":"https:\/\/schema.org","@graph":[{"@type":"WebPage","@id":"https:\/\/rheacanada.ca\/fr\/securite\/securite-physique\/","url":"https:\/\/rheacanada.ca\/fr\/securite\/securite-physique\/","name":"S\u00e9curit\u00e9 physique - RHEA Canada","isPartOf":{"@id":"https:\/\/rheacanada.ca\/fr\/#website"},"primaryImageOfPage":{"@id":"https:\/\/rheacanada.ca\/fr\/securite\/securite-physique\/#primaryimage"},"image":{"@id":"https:\/\/rheacanada.ca\/fr\/securite\/securite-physique\/#primaryimage"},"thumbnailUrl":"https:\/\/rheacanada.ca\/wp-content\/uploads\/2022\/03\/physical-security-badge-scanner-with-hand-and-card.jpg","datePublished":"2020-06-18T14:34:39+00:00","dateModified":"2023-10-06T10:29:56+00:00","description":"RHEA Canada peut vous aider \u00e0 maximiser la s\u00e9curit\u00e9 physique de vos installations existantes et de vos nouveaux b\u00e2timents gr\u00e2ce \u00e0 des solutions personnalis\u00e9es et rentables.","breadcrumb":{"@id":"https:\/\/rheacanada.ca\/fr\/securite\/securite-physique\/#breadcrumb"},"inLanguage":"fr-FR","potentialAction":[{"@type":"ReadAction","target":["https:\/\/rheacanada.ca\/fr\/securite\/securite-physique\/"]}]},{"@type":"ImageObject","inLanguage":"fr-FR","@id":"https:\/\/rheacanada.ca\/fr\/securite\/securite-physique\/#primaryimage","url":"https:\/\/rheacanada.ca\/wp-content\/uploads\/2022\/03\/physical-security-badge-scanner-with-hand-and-card.jpg","contentUrl":"https:\/\/rheacanada.ca\/wp-content\/uploads\/2022\/03\/physical-security-badge-scanner-with-hand-and-card.jpg","width":2000,"height":1333},{"@type":"BreadcrumbList","@id":"https:\/\/rheacanada.ca\/fr\/securite\/securite-physique\/#breadcrumb","itemListElement":[{"@type":"ListItem","position":1,"name":"S\u00e9curit\u00e9","item":"https:\/\/rheacanada.ca\/fr\/securite\/"},{"@type":"ListItem","position":2,"name":"S\u00e9curit\u00e9 physique"}]},{"@type":"WebSite","@id":"https:\/\/rheacanada.ca\/fr\/#website","url":"https:\/\/rheacanada.ca\/fr\/","name":"RHEA Canada","description":"Bespoke engineering solutions, system development and security services","publisher":{"@id":"https:\/\/rheacanada.ca\/fr\/#organization"},"potentialAction":[{"@type":"SearchAction","target":{"@type":"EntryPoint","urlTemplate":"https:\/\/rheacanada.ca\/fr\/?s={search_term_string}"},"query-input":{"@type":"PropertyValueSpecification","valueRequired":true,"valueName":"search_term_string"}}],"inLanguage":"fr-FR"},{"@type":"Organization","@id":"https:\/\/rheacanada.ca\/fr\/#organization","name":"RHEA Group Canada","url":"https:\/\/rheacanada.ca\/fr\/","logo":{"@type":"ImageObject","inLanguage":"fr-FR","@id":"https:\/\/rheacanada.ca\/fr\/#\/schema\/logo\/image\/","url":"","contentUrl":"","caption":"RHEA Group Canada"},"image":{"@id":"https:\/\/rheacanada.ca\/fr\/#\/schema\/logo\/image\/"},"sameAs":["https:\/\/www.facebook.com\/RHEAGroupOfficial\/","https:\/\/x.com\/rheagroup","https:\/\/www.linkedin.com\/company\/rheagroup\/","https:\/\/www.youtube.com\/channel\/UCGCzvwRN1QIED_MBIRF30jg?view_as=subscriber"]}]}},"_links":{"self":[{"href":"https:\/\/rheacanada.ca\/fr\/wp-json\/wp\/v2\/pages\/21869","targetHints":{"allow":["GET"]}}],"collection":[{"href":"https:\/\/rheacanada.ca\/fr\/wp-json\/wp\/v2\/pages"}],"about":[{"href":"https:\/\/rheacanada.ca\/fr\/wp-json\/wp\/v2\/types\/page"}],"author":[{"embeddable":true,"href":"https:\/\/rheacanada.ca\/fr\/wp-json\/wp\/v2\/users\/1"}],"replies":[{"embeddable":true,"href":"https:\/\/rheacanada.ca\/fr\/wp-json\/wp\/v2\/comments?post=21869"}],"version-history":[{"count":5,"href":"https:\/\/rheacanada.ca\/fr\/wp-json\/wp\/v2\/pages\/21869\/revisions"}],"predecessor-version":[{"id":23034,"href":"https:\/\/rheacanada.ca\/fr\/wp-json\/wp\/v2\/pages\/21869\/revisions\/23034"}],"up":[{"embeddable":true,"href":"https:\/\/rheacanada.ca\/fr\/wp-json\/wp\/v2\/pages\/21872"}],"wp:featuredmedia":[{"embeddable":true,"href":"https:\/\/rheacanada.ca\/fr\/wp-json\/wp\/v2\/media\/22372"}],"wp:attachment":[{"href":"https:\/\/rheacanada.ca\/fr\/wp-json\/wp\/v2\/media?parent=21869"}],"curies":[{"name":"wp","href":"https:\/\/api.w.org\/{rel}","templated":true}]}}