{"id":21855,"date":"2020-05-21T12:49:03","date_gmt":"2020-05-21T11:49:03","guid":{"rendered":"https:\/\/rheacanada.ca\/services-solutions\/securite\/cybersecurite\/security-operations-centres\/"},"modified":"2022-12-21T12:03:49","modified_gmt":"2022-12-21T12:03:49","slug":"centres-operations-securite-soc","status":"publish","type":"page","link":"https:\/\/rheacanada.ca\/fr\/securite\/cybersecurite\/centres-operations-securite-soc\/","title":{"rendered":"Centres pour les op\u00e9rations de s\u00e9curit\u00e9"},"content":{"rendered":"","protected":false},"excerpt":{"rendered":"","protected":false},"author":1,"featured_media":20720,"parent":21861,"menu_order":0,"comment_status":"closed","ping_status":"closed","template":"","meta":{"_acf_changed":false,"footnotes":""},"class_list":["post-21855","page","type-page","status-publish","has-post-thumbnail","hentry"],"acf":[],"yoast_head":"<!-- This site is optimized with the Yoast SEO plugin v27.4 - https:\/\/yoast.com\/product\/yoast-seo-wordpress\/ -->\n<title>Centres pour les op\u00e9rations de s\u00e9curit\u00e9 | RHEA Canada<\/title>\n<meta name=\"description\" content=\"Dans nos centres pour les op\u00e9rations de s\u00e9curit\u00e9 (SOC) internes, nous surveillons votre r\u00e9seau, vos terminaux et votre cloud et les prot\u00e9geons des menaces cybern\u00e9tiques.\" \/>\n<meta name=\"robots\" content=\"index, follow, max-snippet:-1, max-image-preview:large, max-video-preview:-1\" \/>\n<link rel=\"canonical\" href=\"https:\/\/rheacanada.ca\/fr\/securite\/cybersecurite\/centres-operations-securite-soc\/\" \/>\n<meta property=\"og:locale\" content=\"fr_FR\" \/>\n<meta property=\"og:type\" content=\"article\" \/>\n<meta property=\"og:title\" content=\"Centres pour les op\u00e9rations de s\u00e9curit\u00e9 | RHEA Canada\" \/>\n<meta property=\"og:description\" content=\"Dans nos centres pour les op\u00e9rations de s\u00e9curit\u00e9 (SOC) internes, nous surveillons votre r\u00e9seau, vos terminaux et votre cloud et les prot\u00e9geons des menaces cybern\u00e9tiques.\" \/>\n<meta property=\"og:url\" content=\"https:\/\/rheacanada.ca\/fr\/securite\/cybersecurite\/centres-operations-securite-soc\/\" \/>\n<meta property=\"og:site_name\" content=\"RHEA Canada\" \/>\n<meta property=\"article:publisher\" content=\"https:\/\/www.facebook.com\/RHEAGroupOfficial\/\" \/>\n<meta property=\"article:modified_time\" content=\"2022-12-21T12:03:49+00:00\" \/>\n<meta property=\"og:image\" content=\"https:\/\/rheacanada.ca\/wp-content\/uploads\/2021\/05\/rhea-group-soc.jpg\" \/>\n\t<meta property=\"og:image:width\" content=\"1600\" \/>\n\t<meta property=\"og:image:height\" content=\"900\" \/>\n\t<meta property=\"og:image:type\" content=\"image\/jpeg\" \/>\n<meta name=\"twitter:card\" content=\"summary_large_image\" \/>\n<meta name=\"twitter:site\" content=\"@rheagroup\" \/>\n<script type=\"application\/ld+json\" class=\"yoast-schema-graph\">{\"@context\":\"https:\\\/\\\/schema.org\",\"@graph\":[{\"@type\":\"WebPage\",\"@id\":\"https:\\\/\\\/rheacanada.ca\\\/fr\\\/securite\\\/cybersecurite\\\/centres-operations-securite-soc\\\/\",\"url\":\"https:\\\/\\\/rheacanada.ca\\\/fr\\\/securite\\\/cybersecurite\\\/centres-operations-securite-soc\\\/\",\"name\":\"Centres pour les op\u00e9rations de s\u00e9curit\u00e9 | RHEA Canada\",\"isPartOf\":{\"@id\":\"https:\\\/\\\/rheacanada.ca\\\/fr\\\/#website\"},\"primaryImageOfPage\":{\"@id\":\"https:\\\/\\\/rheacanada.ca\\\/fr\\\/securite\\\/cybersecurite\\\/centres-operations-securite-soc\\\/#primaryimage\"},\"image\":{\"@id\":\"https:\\\/\\\/rheacanada.ca\\\/fr\\\/securite\\\/cybersecurite\\\/centres-operations-securite-soc\\\/#primaryimage\"},\"thumbnailUrl\":\"https:\\\/\\\/rheacanada.ca\\\/wp-content\\\/uploads\\\/2021\\\/05\\\/rhea-group-soc.jpg\",\"datePublished\":\"2020-05-21T11:49:03+00:00\",\"dateModified\":\"2022-12-21T12:03:49+00:00\",\"description\":\"Dans nos centres pour les op\u00e9rations de s\u00e9curit\u00e9 (SOC) internes, nous surveillons votre r\u00e9seau, vos terminaux et votre cloud et les prot\u00e9geons des menaces cybern\u00e9tiques.\",\"breadcrumb\":{\"@id\":\"https:\\\/\\\/rheacanada.ca\\\/fr\\\/securite\\\/cybersecurite\\\/centres-operations-securite-soc\\\/#breadcrumb\"},\"inLanguage\":\"fr-FR\",\"potentialAction\":[{\"@type\":\"ReadAction\",\"target\":[\"https:\\\/\\\/rheacanada.ca\\\/fr\\\/securite\\\/cybersecurite\\\/centres-operations-securite-soc\\\/\"]}]},{\"@type\":\"ImageObject\",\"inLanguage\":\"fr-FR\",\"@id\":\"https:\\\/\\\/rheacanada.ca\\\/fr\\\/securite\\\/cybersecurite\\\/centres-operations-securite-soc\\\/#primaryimage\",\"url\":\"https:\\\/\\\/rheacanada.ca\\\/wp-content\\\/uploads\\\/2021\\\/05\\\/rhea-group-soc.jpg\",\"contentUrl\":\"https:\\\/\\\/rheacanada.ca\\\/wp-content\\\/uploads\\\/2021\\\/05\\\/rhea-group-soc.jpg\",\"width\":1600,\"height\":900,\"caption\":\"Centre des op\u00e9rations de s\u00e9curit\u00e9 du Groupe RHEA\"},{\"@type\":\"BreadcrumbList\",\"@id\":\"https:\\\/\\\/rheacanada.ca\\\/fr\\\/securite\\\/cybersecurite\\\/centres-operations-securite-soc\\\/#breadcrumb\",\"itemListElement\":[{\"@type\":\"ListItem\",\"position\":1,\"name\":\"S\u00e9curit\u00e9\",\"item\":\"https:\\\/\\\/rheacanada.ca\\\/fr\\\/securite\\\/\"},{\"@type\":\"ListItem\",\"position\":2,\"name\":\"Cybers\u00e9curit\u00e9\",\"item\":\"https:\\\/\\\/rheacanada.ca\\\/fr\\\/securite\\\/cybersecurite\\\/\"},{\"@type\":\"ListItem\",\"position\":3,\"name\":\"Centres pour les op\u00e9rations de s\u00e9curit\u00e9\"}]},{\"@type\":\"WebSite\",\"@id\":\"https:\\\/\\\/rheacanada.ca\\\/fr\\\/#website\",\"url\":\"https:\\\/\\\/rheacanada.ca\\\/fr\\\/\",\"name\":\"RHEA Canada\",\"description\":\"Bespoke engineering solutions, system development and security services\",\"publisher\":{\"@id\":\"https:\\\/\\\/rheacanada.ca\\\/fr\\\/#organization\"},\"potentialAction\":[{\"@type\":\"SearchAction\",\"target\":{\"@type\":\"EntryPoint\",\"urlTemplate\":\"https:\\\/\\\/rheacanada.ca\\\/fr\\\/?s={search_term_string}\"},\"query-input\":{\"@type\":\"PropertyValueSpecification\",\"valueRequired\":true,\"valueName\":\"search_term_string\"}}],\"inLanguage\":\"fr-FR\"},{\"@type\":\"Organization\",\"@id\":\"https:\\\/\\\/rheacanada.ca\\\/fr\\\/#organization\",\"name\":\"RHEA Group Canada\",\"url\":\"https:\\\/\\\/rheacanada.ca\\\/fr\\\/\",\"logo\":{\"@type\":\"ImageObject\",\"inLanguage\":\"fr-FR\",\"@id\":\"https:\\\/\\\/rheacanada.ca\\\/fr\\\/#\\\/schema\\\/logo\\\/image\\\/\",\"url\":\"\",\"contentUrl\":\"\",\"caption\":\"RHEA Group Canada\"},\"image\":{\"@id\":\"https:\\\/\\\/rheacanada.ca\\\/fr\\\/#\\\/schema\\\/logo\\\/image\\\/\"},\"sameAs\":[\"https:\\\/\\\/www.facebook.com\\\/RHEAGroupOfficial\\\/\",\"https:\\\/\\\/x.com\\\/rheagroup\",\"https:\\\/\\\/www.linkedin.com\\\/company\\\/rheagroup\\\/\",\"https:\\\/\\\/www.youtube.com\\\/channel\\\/UCGCzvwRN1QIED_MBIRF30jg?view_as=subscriber\"]}]}<\/script>\n<!-- \/ Yoast SEO plugin. -->","yoast_head_json":{"title":"Centres pour les op\u00e9rations de s\u00e9curit\u00e9 | RHEA Canada","description":"Dans nos centres pour les op\u00e9rations de s\u00e9curit\u00e9 (SOC) internes, nous surveillons votre r\u00e9seau, vos terminaux et votre cloud et les prot\u00e9geons des menaces cybern\u00e9tiques.","robots":{"index":"index","follow":"follow","max-snippet":"max-snippet:-1","max-image-preview":"max-image-preview:large","max-video-preview":"max-video-preview:-1"},"canonical":"https:\/\/rheacanada.ca\/fr\/securite\/cybersecurite\/centres-operations-securite-soc\/","og_locale":"fr_FR","og_type":"article","og_title":"Centres pour les op\u00e9rations de s\u00e9curit\u00e9 | RHEA Canada","og_description":"Dans nos centres pour les op\u00e9rations de s\u00e9curit\u00e9 (SOC) internes, nous surveillons votre r\u00e9seau, vos terminaux et votre cloud et les prot\u00e9geons des menaces cybern\u00e9tiques.","og_url":"https:\/\/rheacanada.ca\/fr\/securite\/cybersecurite\/centres-operations-securite-soc\/","og_site_name":"RHEA Canada","article_publisher":"https:\/\/www.facebook.com\/RHEAGroupOfficial\/","article_modified_time":"2022-12-21T12:03:49+00:00","og_image":[{"width":1600,"height":900,"url":"https:\/\/rheacanada.ca\/wp-content\/uploads\/2021\/05\/rhea-group-soc.jpg","type":"image\/jpeg"}],"twitter_card":"summary_large_image","twitter_site":"@rheagroup","schema":{"@context":"https:\/\/schema.org","@graph":[{"@type":"WebPage","@id":"https:\/\/rheacanada.ca\/fr\/securite\/cybersecurite\/centres-operations-securite-soc\/","url":"https:\/\/rheacanada.ca\/fr\/securite\/cybersecurite\/centres-operations-securite-soc\/","name":"Centres pour les op\u00e9rations de s\u00e9curit\u00e9 | RHEA Canada","isPartOf":{"@id":"https:\/\/rheacanada.ca\/fr\/#website"},"primaryImageOfPage":{"@id":"https:\/\/rheacanada.ca\/fr\/securite\/cybersecurite\/centres-operations-securite-soc\/#primaryimage"},"image":{"@id":"https:\/\/rheacanada.ca\/fr\/securite\/cybersecurite\/centres-operations-securite-soc\/#primaryimage"},"thumbnailUrl":"https:\/\/rheacanada.ca\/wp-content\/uploads\/2021\/05\/rhea-group-soc.jpg","datePublished":"2020-05-21T11:49:03+00:00","dateModified":"2022-12-21T12:03:49+00:00","description":"Dans nos centres pour les op\u00e9rations de s\u00e9curit\u00e9 (SOC) internes, nous surveillons votre r\u00e9seau, vos terminaux et votre cloud et les prot\u00e9geons des menaces cybern\u00e9tiques.","breadcrumb":{"@id":"https:\/\/rheacanada.ca\/fr\/securite\/cybersecurite\/centres-operations-securite-soc\/#breadcrumb"},"inLanguage":"fr-FR","potentialAction":[{"@type":"ReadAction","target":["https:\/\/rheacanada.ca\/fr\/securite\/cybersecurite\/centres-operations-securite-soc\/"]}]},{"@type":"ImageObject","inLanguage":"fr-FR","@id":"https:\/\/rheacanada.ca\/fr\/securite\/cybersecurite\/centres-operations-securite-soc\/#primaryimage","url":"https:\/\/rheacanada.ca\/wp-content\/uploads\/2021\/05\/rhea-group-soc.jpg","contentUrl":"https:\/\/rheacanada.ca\/wp-content\/uploads\/2021\/05\/rhea-group-soc.jpg","width":1600,"height":900,"caption":"Centre des op\u00e9rations de s\u00e9curit\u00e9 du Groupe RHEA"},{"@type":"BreadcrumbList","@id":"https:\/\/rheacanada.ca\/fr\/securite\/cybersecurite\/centres-operations-securite-soc\/#breadcrumb","itemListElement":[{"@type":"ListItem","position":1,"name":"S\u00e9curit\u00e9","item":"https:\/\/rheacanada.ca\/fr\/securite\/"},{"@type":"ListItem","position":2,"name":"Cybers\u00e9curit\u00e9","item":"https:\/\/rheacanada.ca\/fr\/securite\/cybersecurite\/"},{"@type":"ListItem","position":3,"name":"Centres pour les op\u00e9rations de s\u00e9curit\u00e9"}]},{"@type":"WebSite","@id":"https:\/\/rheacanada.ca\/fr\/#website","url":"https:\/\/rheacanada.ca\/fr\/","name":"RHEA Canada","description":"Bespoke engineering solutions, system development and security services","publisher":{"@id":"https:\/\/rheacanada.ca\/fr\/#organization"},"potentialAction":[{"@type":"SearchAction","target":{"@type":"EntryPoint","urlTemplate":"https:\/\/rheacanada.ca\/fr\/?s={search_term_string}"},"query-input":{"@type":"PropertyValueSpecification","valueRequired":true,"valueName":"search_term_string"}}],"inLanguage":"fr-FR"},{"@type":"Organization","@id":"https:\/\/rheacanada.ca\/fr\/#organization","name":"RHEA Group Canada","url":"https:\/\/rheacanada.ca\/fr\/","logo":{"@type":"ImageObject","inLanguage":"fr-FR","@id":"https:\/\/rheacanada.ca\/fr\/#\/schema\/logo\/image\/","url":"","contentUrl":"","caption":"RHEA Group Canada"},"image":{"@id":"https:\/\/rheacanada.ca\/fr\/#\/schema\/logo\/image\/"},"sameAs":["https:\/\/www.facebook.com\/RHEAGroupOfficial\/","https:\/\/x.com\/rheagroup","https:\/\/www.linkedin.com\/company\/rheagroup\/","https:\/\/www.youtube.com\/channel\/UCGCzvwRN1QIED_MBIRF30jg?view_as=subscriber"]}]}},"_links":{"self":[{"href":"https:\/\/rheacanada.ca\/fr\/wp-json\/wp\/v2\/pages\/21855","targetHints":{"allow":["GET"]}}],"collection":[{"href":"https:\/\/rheacanada.ca\/fr\/wp-json\/wp\/v2\/pages"}],"about":[{"href":"https:\/\/rheacanada.ca\/fr\/wp-json\/wp\/v2\/types\/page"}],"author":[{"embeddable":true,"href":"https:\/\/rheacanada.ca\/fr\/wp-json\/wp\/v2\/users\/1"}],"replies":[{"embeddable":true,"href":"https:\/\/rheacanada.ca\/fr\/wp-json\/wp\/v2\/comments?post=21855"}],"version-history":[{"count":6,"href":"https:\/\/rheacanada.ca\/fr\/wp-json\/wp\/v2\/pages\/21855\/revisions"}],"predecessor-version":[{"id":22722,"href":"https:\/\/rheacanada.ca\/fr\/wp-json\/wp\/v2\/pages\/21855\/revisions\/22722"}],"up":[{"embeddable":true,"href":"https:\/\/rheacanada.ca\/fr\/wp-json\/wp\/v2\/pages\/21861"}],"wp:featuredmedia":[{"embeddable":true,"href":"https:\/\/rheacanada.ca\/fr\/wp-json\/wp\/v2\/media\/20720"}],"wp:attachment":[{"href":"https:\/\/rheacanada.ca\/fr\/wp-json\/wp\/v2\/media?parent=21855"}],"curies":[{"name":"wp","href":"https:\/\/api.w.org\/{rel}","templated":true}]}}