{"id":21832,"date":"2020-05-21T12:49:48","date_gmt":"2020-05-21T11:49:48","guid":{"rendered":"https:\/\/rheacanada.ca\/services-solutions\/securite\/gestion-securte\/security-governance\/"},"modified":"2021-07-23T09:16:29","modified_gmt":"2021-07-23T08:16:29","slug":"gouvernance-securite","status":"publish","type":"page","link":"https:\/\/rheacanada.ca\/fr\/securite\/gestion-securite\/gouvernance-securite\/","title":{"rendered":"Gouvernance de la s\u00e9curit\u00e9"},"content":{"rendered":"","protected":false},"excerpt":{"rendered":"","protected":false},"author":1,"featured_media":20794,"parent":21865,"menu_order":0,"comment_status":"closed","ping_status":"closed","template":"","meta":{"_acf_changed":false,"footnotes":""},"class_list":["post-21832","page","type-page","status-publish","has-post-thumbnail","hentry"],"acf":[],"yoast_head":"<!-- This site is optimized with the Yoast SEO plugin v27.4 - https:\/\/yoast.com\/product\/yoast-seo-wordpress\/ -->\n<title>Gouvernance de la s\u00e9curit\u00e9 - RHEA Canada<\/title>\n<meta name=\"description\" content=\"Le Groupe\u00a0RHEA peut analyser l\u2019efficacit\u00e9 de vos programmes et politiques de s\u00e9curit\u00e9 et vous aider \u00e0 am\u00e9liorer votre gouvernance de la s\u00e9curit\u00e9.\" \/>\n<meta name=\"robots\" content=\"index, follow, max-snippet:-1, max-image-preview:large, max-video-preview:-1\" \/>\n<link rel=\"canonical\" href=\"https:\/\/rheacanada.ca\/fr\/securite\/gestion-securite\/gouvernance-securite\/\" \/>\n<meta property=\"og:locale\" content=\"fr_FR\" \/>\n<meta property=\"og:type\" content=\"article\" \/>\n<meta property=\"og:title\" content=\"Gouvernance de la s\u00e9curit\u00e9 - RHEA Canada\" \/>\n<meta property=\"og:description\" content=\"Le Groupe\u00a0RHEA peut analyser l\u2019efficacit\u00e9 de vos programmes et politiques de s\u00e9curit\u00e9 et vous aider \u00e0 am\u00e9liorer votre gouvernance de la s\u00e9curit\u00e9.\" \/>\n<meta property=\"og:url\" content=\"https:\/\/rheacanada.ca\/fr\/securite\/gestion-securite\/gouvernance-securite\/\" \/>\n<meta property=\"og:site_name\" content=\"RHEA Canada\" \/>\n<meta property=\"article:publisher\" content=\"https:\/\/www.facebook.com\/RHEAGroupOfficial\/\" \/>\n<meta property=\"article:modified_time\" content=\"2021-07-23T08:16:29+00:00\" \/>\n<meta property=\"og:image\" content=\"https:\/\/rheacanada.ca\/wp-content\/uploads\/2021\/05\/data-protection-screen-with-hand-background.jpg\" \/>\n\t<meta property=\"og:image:width\" content=\"1600\" \/>\n\t<meta property=\"og:image:height\" content=\"509\" \/>\n\t<meta property=\"og:image:type\" content=\"image\/jpeg\" \/>\n<meta name=\"twitter:card\" content=\"summary_large_image\" \/>\n<meta name=\"twitter:site\" content=\"@rheagroup\" \/>\n<script type=\"application\/ld+json\" class=\"yoast-schema-graph\">{\"@context\":\"https:\\\/\\\/schema.org\",\"@graph\":[{\"@type\":\"WebPage\",\"@id\":\"https:\\\/\\\/rheacanada.ca\\\/fr\\\/securite\\\/gestion-securite\\\/gouvernance-securite\\\/\",\"url\":\"https:\\\/\\\/rheacanada.ca\\\/fr\\\/securite\\\/gestion-securite\\\/gouvernance-securite\\\/\",\"name\":\"Gouvernance de la s\u00e9curit\u00e9 - RHEA Canada\",\"isPartOf\":{\"@id\":\"https:\\\/\\\/rheacanada.ca\\\/fr\\\/#website\"},\"primaryImageOfPage\":{\"@id\":\"https:\\\/\\\/rheacanada.ca\\\/fr\\\/securite\\\/gestion-securite\\\/gouvernance-securite\\\/#primaryimage\"},\"image\":{\"@id\":\"https:\\\/\\\/rheacanada.ca\\\/fr\\\/securite\\\/gestion-securite\\\/gouvernance-securite\\\/#primaryimage\"},\"thumbnailUrl\":\"https:\\\/\\\/rheacanada.ca\\\/wp-content\\\/uploads\\\/2021\\\/05\\\/data-protection-screen-with-hand-background.jpg\",\"datePublished\":\"2020-05-21T11:49:48+00:00\",\"dateModified\":\"2021-07-23T08:16:29+00:00\",\"description\":\"Le Groupe\u00a0RHEA peut analyser l\u2019efficacit\u00e9 de vos programmes et politiques de s\u00e9curit\u00e9 et vous aider \u00e0 am\u00e9liorer votre gouvernance de la s\u00e9curit\u00e9.\",\"breadcrumb\":{\"@id\":\"https:\\\/\\\/rheacanada.ca\\\/fr\\\/securite\\\/gestion-securite\\\/gouvernance-securite\\\/#breadcrumb\"},\"inLanguage\":\"fr-FR\",\"potentialAction\":[{\"@type\":\"ReadAction\",\"target\":[\"https:\\\/\\\/rheacanada.ca\\\/fr\\\/securite\\\/gestion-securite\\\/gouvernance-securite\\\/\"]}]},{\"@type\":\"ImageObject\",\"inLanguage\":\"fr-FR\",\"@id\":\"https:\\\/\\\/rheacanada.ca\\\/fr\\\/securite\\\/gestion-securite\\\/gouvernance-securite\\\/#primaryimage\",\"url\":\"https:\\\/\\\/rheacanada.ca\\\/wp-content\\\/uploads\\\/2021\\\/05\\\/data-protection-screen-with-hand-background.jpg\",\"contentUrl\":\"https:\\\/\\\/rheacanada.ca\\\/wp-content\\\/uploads\\\/2021\\\/05\\\/data-protection-screen-with-hand-background.jpg\",\"width\":1600,\"height\":509},{\"@type\":\"BreadcrumbList\",\"@id\":\"https:\\\/\\\/rheacanada.ca\\\/fr\\\/securite\\\/gestion-securite\\\/gouvernance-securite\\\/#breadcrumb\",\"itemListElement\":[{\"@type\":\"ListItem\",\"position\":1,\"name\":\"S\u00e9curit\u00e9\",\"item\":\"https:\\\/\\\/rheacanada.ca\\\/fr\\\/securite\\\/\"},{\"@type\":\"ListItem\",\"position\":2,\"name\":\"Gestion de la s\u00e9curit\u00e9\",\"item\":\"https:\\\/\\\/rheacanada.ca\\\/fr\\\/securite\\\/gestion-securite\\\/\"},{\"@type\":\"ListItem\",\"position\":3,\"name\":\"Gouvernance de la s\u00e9curit\u00e9\"}]},{\"@type\":\"WebSite\",\"@id\":\"https:\\\/\\\/rheacanada.ca\\\/fr\\\/#website\",\"url\":\"https:\\\/\\\/rheacanada.ca\\\/fr\\\/\",\"name\":\"RHEA Canada\",\"description\":\"Bespoke engineering solutions, system development and security services\",\"publisher\":{\"@id\":\"https:\\\/\\\/rheacanada.ca\\\/fr\\\/#organization\"},\"potentialAction\":[{\"@type\":\"SearchAction\",\"target\":{\"@type\":\"EntryPoint\",\"urlTemplate\":\"https:\\\/\\\/rheacanada.ca\\\/fr\\\/?s={search_term_string}\"},\"query-input\":{\"@type\":\"PropertyValueSpecification\",\"valueRequired\":true,\"valueName\":\"search_term_string\"}}],\"inLanguage\":\"fr-FR\"},{\"@type\":\"Organization\",\"@id\":\"https:\\\/\\\/rheacanada.ca\\\/fr\\\/#organization\",\"name\":\"RHEA Group Canada\",\"url\":\"https:\\\/\\\/rheacanada.ca\\\/fr\\\/\",\"logo\":{\"@type\":\"ImageObject\",\"inLanguage\":\"fr-FR\",\"@id\":\"https:\\\/\\\/rheacanada.ca\\\/fr\\\/#\\\/schema\\\/logo\\\/image\\\/\",\"url\":\"\",\"contentUrl\":\"\",\"caption\":\"RHEA Group Canada\"},\"image\":{\"@id\":\"https:\\\/\\\/rheacanada.ca\\\/fr\\\/#\\\/schema\\\/logo\\\/image\\\/\"},\"sameAs\":[\"https:\\\/\\\/www.facebook.com\\\/RHEAGroupOfficial\\\/\",\"https:\\\/\\\/x.com\\\/rheagroup\",\"https:\\\/\\\/www.linkedin.com\\\/company\\\/rheagroup\\\/\",\"https:\\\/\\\/www.youtube.com\\\/channel\\\/UCGCzvwRN1QIED_MBIRF30jg?view_as=subscriber\"]}]}<\/script>\n<!-- \/ Yoast SEO plugin. -->","yoast_head_json":{"title":"Gouvernance de la s\u00e9curit\u00e9 - RHEA Canada","description":"Le Groupe\u00a0RHEA peut analyser l\u2019efficacit\u00e9 de vos programmes et politiques de s\u00e9curit\u00e9 et vous aider \u00e0 am\u00e9liorer votre gouvernance de la s\u00e9curit\u00e9.","robots":{"index":"index","follow":"follow","max-snippet":"max-snippet:-1","max-image-preview":"max-image-preview:large","max-video-preview":"max-video-preview:-1"},"canonical":"https:\/\/rheacanada.ca\/fr\/securite\/gestion-securite\/gouvernance-securite\/","og_locale":"fr_FR","og_type":"article","og_title":"Gouvernance de la s\u00e9curit\u00e9 - RHEA Canada","og_description":"Le Groupe\u00a0RHEA peut analyser l\u2019efficacit\u00e9 de vos programmes et politiques de s\u00e9curit\u00e9 et vous aider \u00e0 am\u00e9liorer votre gouvernance de la s\u00e9curit\u00e9.","og_url":"https:\/\/rheacanada.ca\/fr\/securite\/gestion-securite\/gouvernance-securite\/","og_site_name":"RHEA Canada","article_publisher":"https:\/\/www.facebook.com\/RHEAGroupOfficial\/","article_modified_time":"2021-07-23T08:16:29+00:00","og_image":[{"width":1600,"height":509,"url":"https:\/\/rheacanada.ca\/wp-content\/uploads\/2021\/05\/data-protection-screen-with-hand-background.jpg","type":"image\/jpeg"}],"twitter_card":"summary_large_image","twitter_site":"@rheagroup","schema":{"@context":"https:\/\/schema.org","@graph":[{"@type":"WebPage","@id":"https:\/\/rheacanada.ca\/fr\/securite\/gestion-securite\/gouvernance-securite\/","url":"https:\/\/rheacanada.ca\/fr\/securite\/gestion-securite\/gouvernance-securite\/","name":"Gouvernance de la s\u00e9curit\u00e9 - RHEA Canada","isPartOf":{"@id":"https:\/\/rheacanada.ca\/fr\/#website"},"primaryImageOfPage":{"@id":"https:\/\/rheacanada.ca\/fr\/securite\/gestion-securite\/gouvernance-securite\/#primaryimage"},"image":{"@id":"https:\/\/rheacanada.ca\/fr\/securite\/gestion-securite\/gouvernance-securite\/#primaryimage"},"thumbnailUrl":"https:\/\/rheacanada.ca\/wp-content\/uploads\/2021\/05\/data-protection-screen-with-hand-background.jpg","datePublished":"2020-05-21T11:49:48+00:00","dateModified":"2021-07-23T08:16:29+00:00","description":"Le Groupe\u00a0RHEA peut analyser l\u2019efficacit\u00e9 de vos programmes et politiques de s\u00e9curit\u00e9 et vous aider \u00e0 am\u00e9liorer votre gouvernance de la s\u00e9curit\u00e9.","breadcrumb":{"@id":"https:\/\/rheacanada.ca\/fr\/securite\/gestion-securite\/gouvernance-securite\/#breadcrumb"},"inLanguage":"fr-FR","potentialAction":[{"@type":"ReadAction","target":["https:\/\/rheacanada.ca\/fr\/securite\/gestion-securite\/gouvernance-securite\/"]}]},{"@type":"ImageObject","inLanguage":"fr-FR","@id":"https:\/\/rheacanada.ca\/fr\/securite\/gestion-securite\/gouvernance-securite\/#primaryimage","url":"https:\/\/rheacanada.ca\/wp-content\/uploads\/2021\/05\/data-protection-screen-with-hand-background.jpg","contentUrl":"https:\/\/rheacanada.ca\/wp-content\/uploads\/2021\/05\/data-protection-screen-with-hand-background.jpg","width":1600,"height":509},{"@type":"BreadcrumbList","@id":"https:\/\/rheacanada.ca\/fr\/securite\/gestion-securite\/gouvernance-securite\/#breadcrumb","itemListElement":[{"@type":"ListItem","position":1,"name":"S\u00e9curit\u00e9","item":"https:\/\/rheacanada.ca\/fr\/securite\/"},{"@type":"ListItem","position":2,"name":"Gestion de la s\u00e9curit\u00e9","item":"https:\/\/rheacanada.ca\/fr\/securite\/gestion-securite\/"},{"@type":"ListItem","position":3,"name":"Gouvernance de la s\u00e9curit\u00e9"}]},{"@type":"WebSite","@id":"https:\/\/rheacanada.ca\/fr\/#website","url":"https:\/\/rheacanada.ca\/fr\/","name":"RHEA Canada","description":"Bespoke engineering solutions, system development and security services","publisher":{"@id":"https:\/\/rheacanada.ca\/fr\/#organization"},"potentialAction":[{"@type":"SearchAction","target":{"@type":"EntryPoint","urlTemplate":"https:\/\/rheacanada.ca\/fr\/?s={search_term_string}"},"query-input":{"@type":"PropertyValueSpecification","valueRequired":true,"valueName":"search_term_string"}}],"inLanguage":"fr-FR"},{"@type":"Organization","@id":"https:\/\/rheacanada.ca\/fr\/#organization","name":"RHEA Group Canada","url":"https:\/\/rheacanada.ca\/fr\/","logo":{"@type":"ImageObject","inLanguage":"fr-FR","@id":"https:\/\/rheacanada.ca\/fr\/#\/schema\/logo\/image\/","url":"","contentUrl":"","caption":"RHEA Group Canada"},"image":{"@id":"https:\/\/rheacanada.ca\/fr\/#\/schema\/logo\/image\/"},"sameAs":["https:\/\/www.facebook.com\/RHEAGroupOfficial\/","https:\/\/x.com\/rheagroup","https:\/\/www.linkedin.com\/company\/rheagroup\/","https:\/\/www.youtube.com\/channel\/UCGCzvwRN1QIED_MBIRF30jg?view_as=subscriber"]}]}},"_links":{"self":[{"href":"https:\/\/rheacanada.ca\/fr\/wp-json\/wp\/v2\/pages\/21832","targetHints":{"allow":["GET"]}}],"collection":[{"href":"https:\/\/rheacanada.ca\/fr\/wp-json\/wp\/v2\/pages"}],"about":[{"href":"https:\/\/rheacanada.ca\/fr\/wp-json\/wp\/v2\/types\/page"}],"author":[{"embeddable":true,"href":"https:\/\/rheacanada.ca\/fr\/wp-json\/wp\/v2\/users\/1"}],"replies":[{"embeddable":true,"href":"https:\/\/rheacanada.ca\/fr\/wp-json\/wp\/v2\/comments?post=21832"}],"version-history":[{"count":5,"href":"https:\/\/rheacanada.ca\/fr\/wp-json\/wp\/v2\/pages\/21832\/revisions"}],"predecessor-version":[{"id":21927,"href":"https:\/\/rheacanada.ca\/fr\/wp-json\/wp\/v2\/pages\/21832\/revisions\/21927"}],"up":[{"embeddable":true,"href":"https:\/\/rheacanada.ca\/fr\/wp-json\/wp\/v2\/pages\/21865"}],"wp:featuredmedia":[{"embeddable":true,"href":"https:\/\/rheacanada.ca\/fr\/wp-json\/wp\/v2\/media\/20794"}],"wp:attachment":[{"href":"https:\/\/rheacanada.ca\/fr\/wp-json\/wp\/v2\/media?parent=21832"}],"curies":[{"name":"wp","href":"https:\/\/api.w.org\/{rel}","templated":true}]}}